{"id":43,"date":"2017-12-17T10:06:43","date_gmt":"2017-12-17T10:06:43","guid":{"rendered":"https:\/\/websitedemos.net\/brandstore-04\/?page_id=43"},"modified":"2025-11-10T11:15:39","modified_gmt":"2025-11-10T10:15:39","slug":"about","status":"publish","type":"page","link":"https:\/\/liseandco-creations.com\/index.php\/about\/","title":{"rendered":"About"},"content":{"rendered":"\t\t<div data-elementor-type=\"wp-post\" data-elementor-id=\"43\" class=\"elementor elementor-43\" data-elementor-settings=\"[]\">\n\t\t\t\t\t\t<div class=\"elementor-inner\">\n\t\t\t\t\t\t\t<div class=\"elementor-section-wrap\">\n\t\t\t\t\t\t\t<section class=\"elementor-section elementor-top-section elementor-element elementor-element-d28c655 elementor-section-full_width elementor-section-height-default elementor-section-height-default\" data-id=\"d28c655\" data-element_type=\"section\" data-settings=\"{&quot;background_background&quot;:&quot;classic&quot;}\">\n\t\t\t\t\t\t<div class=\"elementor-container elementor-column-gap-default\">\n\t\t\t\t\t\t\t<div class=\"elementor-row\">\n\t\t\t\t\t<div class=\"elementor-column elementor-col-100 elementor-top-column elementor-element elementor-element-997bde8\" data-id=\"997bde8\" data-element_type=\"column\" data-settings=\"{&quot;background_background&quot;:&quot;classic&quot;}\">\n\t\t\t<div class=\"elementor-column-wrap elementor-element-populated\">\n\t\t\t\t\t<div class=\"elementor-background-overlay\"><\/div>\n\t\t\t\t\t\t\t<div class=\"elementor-widget-wrap\">\n\t\t\t\t\t\t<div class=\"elementor-element elementor-element-e3e9784 elementor-widget-divider--view-line elementor-widget elementor-widget-divider\" data-id=\"e3e9784\" data-element_type=\"widget\" data-widget_type=\"divider.default\">\n\t\t\t\t<div class=\"elementor-widget-container\">\n\t\t\t\t\t<div class=\"elementor-divider\">\n\t\t\t<span class=\"elementor-divider-separator\">\n\t\t\t\t\t\t<\/span>\n\t\t<\/div>\n\t\t\t\t<\/div>\n\t\t\t\t<\/div>\n\t\t\t\t<section class=\"elementor-section elementor-inner-section elementor-element elementor-element-83b3443 elementor-section-content-middle elementor-section-boxed elementor-section-height-default elementor-section-height-default\" data-id=\"83b3443\" data-element_type=\"section\">\n\t\t\t\t\t\t<div class=\"elementor-container elementor-column-gap-no\">\n\t\t\t\t\t\t\t<div class=\"elementor-row\">\n\t\t\t\t\t<div class=\"elementor-column elementor-col-66 elementor-inner-column elementor-element elementor-element-fe6e6ed elementor-invisible\" data-id=\"fe6e6ed\" data-element_type=\"column\" data-settings=\"{&quot;background_background&quot;:&quot;classic&quot;,&quot;animation&quot;:&quot;fadeIn&quot;}\">\n\t\t\t<div class=\"elementor-column-wrap elementor-element-populated\">\n\t\t\t\t\t\t\t<div class=\"elementor-widget-wrap\">\n\t\t\t\t\t\t<div class=\"elementor-element elementor-element-ccb1e63 animated-fast elementor-invisible elementor-widget elementor-widget-heading\" data-id=\"ccb1e63\" data-element_type=\"widget\" data-settings=\"{&quot;_animation&quot;:&quot;fadeIn&quot;}\" data-widget_type=\"heading.default\">\n\t\t\t\t<div class=\"elementor-widget-container\">\n\t\t\t<h2 class=\"elementor-heading-title elementor-size-default\">Lise\u2019n\u2019Co : qui et quoi ?<\/h2>\t\t<\/div>\n\t\t\t\t<\/div>\n\t\t\t\t<div class=\"elementor-element elementor-element-fd59811 animated-slow elementor-invisible elementor-widget elementor-widget-image\" data-id=\"fd59811\" data-element_type=\"widget\" data-settings=\"{&quot;_animation&quot;:&quot;rotateIn&quot;}\" data-widget_type=\"image.default\">\n\t\t\t\t<div class=\"elementor-widget-container\">\n\t\t\t\t\t<div class=\"elementor-image\">\n\t\t\t\t\t\t\t\t\t\t<img width=\"225\" height=\"225\" src=\"https:\/\/liseandco-creations.com\/wp-content\/uploads\/2018\/09\/disque_vinyl_svg.png\" class=\"attachment-large size-large\" alt=\"\" loading=\"lazy\" srcset=\"https:\/\/liseandco-creations.com\/wp-content\/uploads\/2018\/09\/disque_vinyl_svg.png 225w, https:\/\/liseandco-creations.com\/wp-content\/uploads\/2018\/09\/disque_vinyl_svg-200x200.png 200w, https:\/\/liseandco-creations.com\/wp-content\/uploads\/2018\/09\/disque_vinyl_svg-150x150.png 150w, https:\/\/liseandco-creations.com\/wp-content\/uploads\/2018\/09\/disque_vinyl_svg-100x100.png 100w\" sizes=\"(max-width: 225px) 100vw, 225px\" \/>\t\t\t\t\t\t\t\t\t\t\t<\/div>\n\t\t\t\t<\/div>\n\t\t\t\t<\/div>\n\t\t\t\t<div class=\"elementor-element elementor-element-653f0c9 elementor-invisible elementor-widget elementor-widget-text-editor\" data-id=\"653f0c9\" data-element_type=\"widget\" data-settings=\"{&quot;_animation&quot;:&quot;fadeIn&quot;}\" data-widget_type=\"text-editor.default\">\n\t\t\t\t<div class=\"elementor-widget-container\">\n\t\t\t\t\t<div class=\"elementor-text-editor elementor-clearfix\"><p><strong>Lise\u2019n\u2019Co : c&rsquo;est quoi c&rsquo;est qui ?!<\/strong><\/p><p>Lise\u2019n\u2019Co, c\u2019est une petite id\u00e9e de boutique qui a germ\u00e9 en 2008 dans l&rsquo;esprit de deux amies (Elise et Corinne), et anim\u00e9e d&rsquo;une seule envie : cr\u00e9er des collections faites mains, \u00e0 prix accessibles.<\/p><p>Cette activit\u00e9 s&rsquo;est finalement concr\u00e9tis\u00e9e de mani\u00e8re plus professionnelle quelques ann\u00e9es plus tard en 2012 mais en solo.\u00a0<\/p><p>Inspir\u00e9es de l\u2019esprit r\u00e9tro, et des nombreux univers qui me passionnent (vintage, pin-up, rock&rsquo;n&rsquo;roll, tattoo, dark, geek, traditionnel Japonais et Kawaii) , mes cr\u00e9ations que ce soit en couture ou en bijoux sont toutes faites avec amour dans mon petit atelier dans l&rsquo;ouest de la France.<br \/><br \/>Je vends principalement mes cr\u00e9ations sur des salons ou \u00e9v\u00e8nements culturels (salons vintage, conventions geek ou manga , festivals musicaux, conventions tattoo, march\u00e9 de cr\u00e9ateurs&#8230;), et me d\u00e9place partout en France et parfois m\u00eame chez nos voisins europ\u00e9ens.<\/p><p><strong>Quoi d&rsquo;autre \u00e0 savoir ?<\/strong><\/p><p>Cette boutique en ligne est donc une petite vitrine pour mon travail, et pour vous permettre de commander mes cr\u00e9ations en dehors des salons et expositions.<\/p><p>Il y a beaucoup plus de choix et d&rsquo;articles pr\u00e9sent\u00e9s lors des \u00e9v\u00e8nements, vous pouvez donc me solliciter par mail, si vous souhaitez retrouver un article vu sur un de mes stands.<br \/>\u00c9galement, tout (ou presque) est personnalisable : c&rsquo;est \u00e7a l&rsquo;avantage du fait main \ud83d\ude42 Vous souhaitez changer un d\u00e9tail, souhaitez un autre format avec un tissu pr\u00e9cis ? <span style=\"font-size: 16px;\">Tout est (en principe) faisable avec grand plaisir, dialogue et \u00e9change sur votre envie.<\/span><\/p><p>Soyez juste patient.e.s et compr\u00e9hensif.ve.s :\u00a0 travaillant seule je n\u2019ai pas les m\u00eames possibilit\u00e9s de r\u00e9activit\u00e9 qu\u2019une multinationale \ud83d\ude09\u00a0<\/p><p>Un GRAND MERCI donc, \u00e0 toutes celles et ceux qui m\u2019ont d\u00e9j\u00e0 achet\u00e9 des cr\u00e9ations, qui en recommandent, en offrent et me font conna\u00eetre : \u00e7a me fait teeellement plaisir et me donne tellement envie de continuer quand je re\u00e7ois vos messages de soutien, vos gentils mots ou vos photos (n\u2019h\u00e9sitez pas <a href=\"http:\/\/liseandco-creations.com\/index.php\/contactez-moi\/\">c\u2019est ici<\/a> \ud83d\ude09 !!! )<\/p><p>\u00c0 bient\u00f4t par mail ou sur les salons !<\/p><p>Corinne<\/p><p>Ps : pensez \u00e0 vous inscrire \u00e0 la<a href=\"http:\/\/liseandco-creations.com\/index.php\/newsletter\/\"> lettre d\u2019info<\/a> ou \u00e0 me suivre sur <a href=\"https:\/\/www.facebook.com\/liseandco1\/\">Facebook<\/a> et <a href=\"https:\/\/www.instagram.com\/liseandco_\/\">Insta<\/a> pour tout conna\u00eetre des nouveaut\u00e9s et dates de salons &lt;3<\/p><\/div>\n\t\t\t\t<\/div>\n\t\t\t\t<\/div>\n\t\t\t\t<div class=\"elementor-element elementor-element-9cab000 animated-slow elementor-invisible elementor-widget elementor-widget-image\" data-id=\"9cab000\" data-element_type=\"widget\" data-settings=\"{&quot;_animation&quot;:&quot;rotateIn&quot;}\" data-widget_type=\"image.default\">\n\t\t\t\t<div class=\"elementor-widget-container\">\n\t\t\t\t\t<div class=\"elementor-image\">\n\t\t\t\t\t\t\t\t\t\t<img width=\"225\" height=\"225\" src=\"https:\/\/liseandco-creations.com\/wp-content\/uploads\/2018\/09\/disque_vinyl_svg.png\" class=\"attachment-large size-large\" alt=\"\" loading=\"lazy\" srcset=\"https:\/\/liseandco-creations.com\/wp-content\/uploads\/2018\/09\/disque_vinyl_svg.png 225w, https:\/\/liseandco-creations.com\/wp-content\/uploads\/2018\/09\/disque_vinyl_svg-200x200.png 200w, https:\/\/liseandco-creations.com\/wp-content\/uploads\/2018\/09\/disque_vinyl_svg-150x150.png 150w, https:\/\/liseandco-creations.com\/wp-content\/uploads\/2018\/09\/disque_vinyl_svg-100x100.png 100w\" sizes=\"(max-width: 225px) 100vw, 225px\" \/>\t\t\t\t\t\t\t\t\t\t\t<\/div>\n\t\t\t\t<\/div>\n\t\t\t\t<\/div>\n\t\t\t\t\t\t<\/div>\n\t\t\t\t\t<\/div>\n\t\t<\/div>\n\t\t\t\t<div class=\"elementor-column elementor-col-33 elementor-inner-column elementor-element elementor-element-7b5ea60\" data-id=\"7b5ea60\" data-element_type=\"column\">\n\t\t\t<div class=\"elementor-column-wrap elementor-element-populated\">\n\t\t\t\t\t\t\t<div class=\"elementor-widget-wrap\">\n\t\t\t\t\t\t<div class=\"elementor-element elementor-element-3d689af animated-slow elementor-invisible elementor-widget elementor-widget-image\" data-id=\"3d689af\" data-element_type=\"widget\" data-settings=\"{&quot;_animation&quot;:&quot;fadeIn&quot;,&quot;_animation_delay&quot;:1000}\" data-widget_type=\"image.default\">\n\t\t\t\t<div class=\"elementor-widget-container\">\n\t\t\t\t\t<div class=\"elementor-image\">\n\t\t\t\t\t\t\t\t\t\t<img width=\"646\" height=\"960\" src=\"https:\/\/liseandco-creations.com\/wp-content\/uploads\/2018\/09\/19059717_1421617371233587_8822547246524527262_n.jpg\" class=\"attachment-large size-large\" alt=\"\" loading=\"lazy\" srcset=\"https:\/\/liseandco-creations.com\/wp-content\/uploads\/2018\/09\/19059717_1421617371233587_8822547246524527262_n.jpg 646w, https:\/\/liseandco-creations.com\/wp-content\/uploads\/2018\/09\/19059717_1421617371233587_8822547246524527262_n-600x892.jpg 600w, https:\/\/liseandco-creations.com\/wp-content\/uploads\/2018\/09\/19059717_1421617371233587_8822547246524527262_n-202x300.jpg 202w\" sizes=\"(max-width: 646px) 100vw, 646px\" \/>\t\t\t\t\t\t\t\t\t\t\t<\/div>\n\t\t\t\t<\/div>\n\t\t\t\t<\/div>\n\t\t\t\t<div class=\"elementor-element elementor-element-f5785a7 elementor-invisible elementor-widget elementor-widget-image\" data-id=\"f5785a7\" data-element_type=\"widget\" data-settings=\"{&quot;_animation&quot;:&quot;fadeInUp&quot;}\" data-widget_type=\"image.default\">\n\t\t\t\t<div class=\"elementor-widget-container\">\n\t\t\t\t\t<div class=\"elementor-image\">\n\t\t\t\t\t\t\t\t\t\t<img width=\"644\" height=\"1024\" src=\"https:\/\/liseandco-creations.com\/wp-content\/uploads\/2018\/10\/IMG_20181008_160138-644x1024.jpg\" class=\"attachment-large size-large\" alt=\"\" loading=\"lazy\" srcset=\"https:\/\/liseandco-creations.com\/wp-content\/uploads\/2018\/10\/IMG_20181008_160138-644x1024.jpg 644w, https:\/\/liseandco-creations.com\/wp-content\/uploads\/2018\/10\/IMG_20181008_160138-189x300.jpg 189w, https:\/\/liseandco-creations.com\/wp-content\/uploads\/2018\/10\/IMG_20181008_160138-768x1220.jpg 768w, https:\/\/liseandco-creations.com\/wp-content\/uploads\/2018\/10\/IMG_20181008_160138-600x953.jpg 600w\" sizes=\"(max-width: 644px) 100vw, 644px\" \/>\t\t\t\t\t\t\t\t\t\t\t<\/div>\n\t\t\t\t<\/div>\n\t\t\t\t<\/div>\n\t\t\t\t<div class=\"elementor-element elementor-element-6afc89f elementor-invisible elementor-widget elementor-widget-image\" data-id=\"6afc89f\" data-element_type=\"widget\" data-settings=\"{&quot;_animation&quot;:&quot;fadeInUp&quot;}\" data-widget_type=\"image.default\">\n\t\t\t\t<div class=\"elementor-widget-container\">\n\t\t\t\t\t<div class=\"elementor-image\">\n\t\t\t\t\t\t\t\t\t\t<img width=\"1024\" height=\"632\" src=\"https:\/\/liseandco-creations.com\/wp-content\/uploads\/2018\/10\/34856436_1774930315902289_8025851377097900032_o-1024x632.jpg\" class=\"attachment-large size-large\" alt=\"\" loading=\"lazy\" srcset=\"https:\/\/liseandco-creations.com\/wp-content\/uploads\/2018\/10\/34856436_1774930315902289_8025851377097900032_o-1024x632.jpg 1024w, https:\/\/liseandco-creations.com\/wp-content\/uploads\/2018\/10\/34856436_1774930315902289_8025851377097900032_o-300x185.jpg 300w, https:\/\/liseandco-creations.com\/wp-content\/uploads\/2018\/10\/34856436_1774930315902289_8025851377097900032_o-768x474.jpg 768w, https:\/\/liseandco-creations.com\/wp-content\/uploads\/2018\/10\/34856436_1774930315902289_8025851377097900032_o-600x370.jpg 600w, https:\/\/liseandco-creations.com\/wp-content\/uploads\/2018\/10\/34856436_1774930315902289_8025851377097900032_o.jpg 2048w\" sizes=\"(max-width: 1024px) 100vw, 1024px\" \/>\t\t\t\t\t\t\t\t\t\t\t<\/div>\n\t\t\t\t<\/div>\n\t\t\t\t<\/div>\n\t\t\t\t<div class=\"elementor-element elementor-element-7ad22af elementor-invisible elementor-widget elementor-widget-image\" data-id=\"7ad22af\" data-element_type=\"widget\" data-settings=\"{&quot;_animation&quot;:&quot;fadeInUp&quot;}\" data-widget_type=\"image.default\">\n\t\t\t\t<div class=\"elementor-widget-container\">\n\t\t\t\t\t<div class=\"elementor-image\">\n\t\t\t\t\t\t\t\t\t\t<img width=\"1024\" height=\"567\" src=\"https:\/\/liseandco-creations.com\/wp-content\/uploads\/2018\/09\/21273552_1498051440256846_4520144992432306734_o-1024x567.jpg\" class=\"attachment-large size-large\" alt=\"\" loading=\"lazy\" srcset=\"https:\/\/liseandco-creations.com\/wp-content\/uploads\/2018\/09\/21273552_1498051440256846_4520144992432306734_o-1024x567.jpg 1024w, https:\/\/liseandco-creations.com\/wp-content\/uploads\/2018\/09\/21273552_1498051440256846_4520144992432306734_o-600x332.jpg 600w, https:\/\/liseandco-creations.com\/wp-content\/uploads\/2018\/09\/21273552_1498051440256846_4520144992432306734_o-300x166.jpg 300w, https:\/\/liseandco-creations.com\/wp-content\/uploads\/2018\/09\/21273552_1498051440256846_4520144992432306734_o-768x425.jpg 768w, https:\/\/liseandco-creations.com\/wp-content\/uploads\/2018\/09\/21273552_1498051440256846_4520144992432306734_o.jpg 2048w\" sizes=\"(max-width: 1024px) 100vw, 1024px\" \/>\t\t\t\t\t\t\t\t\t\t\t<\/div>\n\t\t\t\t<\/div>\n\t\t\t\t<\/div>\n\t\t\t\t<div class=\"elementor-element elementor-element-ab66ca7 elementor-widget elementor-widget-image\" data-id=\"ab66ca7\" data-element_type=\"widget\" data-widget_type=\"image.default\">\n\t\t\t\t<div class=\"elementor-widget-container\">\n\t\t\t\t\t<div class=\"elementor-image\">\n\t\t\t\t\t\t\t\t\t\t<img width=\"768\" height=\"1024\" src=\"https:\/\/liseandco-creations.com\/wp-content\/uploads\/2018\/09\/thumbnail_IMG_20180714_184936-768x1024.jpg\" class=\"attachment-large size-large\" alt=\"\" loading=\"lazy\" srcset=\"https:\/\/liseandco-creations.com\/wp-content\/uploads\/2018\/09\/thumbnail_IMG_20180714_184936-768x1024.jpg 768w, https:\/\/liseandco-creations.com\/wp-content\/uploads\/2018\/09\/thumbnail_IMG_20180714_184936-600x800.jpg 600w, https:\/\/liseandco-creations.com\/wp-content\/uploads\/2018\/09\/thumbnail_IMG_20180714_184936-225x300.jpg 225w, https:\/\/liseandco-creations.com\/wp-content\/uploads\/2018\/09\/thumbnail_IMG_20180714_184936.jpg 960w\" sizes=\"(max-width: 768px) 100vw, 768px\" \/>\t\t\t\t\t\t\t\t\t\t\t<\/div>\n\t\t\t\t<\/div>\n\t\t\t\t<\/div>\n\t\t\t\t\t\t<\/div>\n\t\t\t\t\t<\/div>\n\t\t<\/div>\n\t\t\t\t\t\t\t\t<\/div>\n\t\t\t\t\t<\/div>\n\t\t<\/section>\n\t\t\t\t\t\t<\/div>\n\t\t\t\t\t<\/div>\n\t\t<\/div>\n\t\t\t\t\t\t\t\t<\/div>\n\t\t\t\t\t<\/div>\n\t\t<\/section>\n\t\t\t\t<section class=\"elementor-section elementor-top-section elementor-element elementor-element-d0ca6fa elementor-section-full_width elementor-section-height-min-height elementor-section-height-default elementor-section-items-middle\" data-id=\"d0ca6fa\" data-element_type=\"section\" data-settings=\"{&quot;background_background&quot;:&quot;classic&quot;}\">\n\t\t\t\t\t\t\t<div class=\"elementor-background-overlay\"><\/div>\n\t\t\t\t\t\t\t<div class=\"elementor-container elementor-column-gap-no\">\n\t\t\t\t\t\t\t<div class=\"elementor-row\">\n\t\t\t\t\t<div class=\"elementor-column elementor-col-100 elementor-top-column elementor-element elementor-element-a5fd6c9\" data-id=\"a5fd6c9\" data-element_type=\"column\" data-settings=\"{&quot;background_background&quot;:&quot;classic&quot;}\">\n\t\t\t<div class=\"elementor-column-wrap elementor-element-populated\">\n\t\t\t\t\t\t\t<div class=\"elementor-widget-wrap\">\n\t\t\t\t\t\t<div class=\"elementor-element elementor-element-b79ea28 elementor-widget-divider--view-line elementor-widget elementor-widget-divider\" data-id=\"b79ea28\" data-element_type=\"widget\" data-widget_type=\"divider.default\">\n\t\t\t\t<div class=\"elementor-widget-container\">\n\t\t\t\t\t<div class=\"elementor-divider\">\n\t\t\t<span class=\"elementor-divider-separator\">\n\t\t\t\t\t\t<\/span>\n\t\t<\/div>\n\t\t\t\t<\/div>\n\t\t\t\t<\/div>\n\t\t\t\t<section class=\"elementor-section elementor-inner-section elementor-element elementor-element-a303f5d elementor-section-content-top elementor-section-boxed elementor-section-height-default elementor-section-height-default\" data-id=\"a303f5d\" data-element_type=\"section\" data-settings=\"{&quot;background_background&quot;:&quot;classic&quot;}\">\n\t\t\t\t\t\t<div class=\"elementor-container elementor-column-gap-no\">\n\t\t\t\t\t\t\t<div class=\"elementor-row\">\n\t\t\t\t\t<div class=\"elementor-column elementor-col-66 elementor-inner-column elementor-element elementor-element-d6854fa\" data-id=\"d6854fa\" data-element_type=\"column\" data-settings=\"{&quot;background_background&quot;:&quot;classic&quot;}\">\n\t\t\t<div class=\"elementor-column-wrap elementor-element-populated\">\n\t\t\t\t\t\t\t<div class=\"elementor-widget-wrap\">\n\t\t\t\t\t\t<div class=\"elementor-element elementor-element-44239f2 animated-fast elementor-invisible elementor-widget elementor-widget-image\" data-id=\"44239f2\" data-element_type=\"widget\" data-settings=\"{&quot;_animation&quot;:&quot;fadeInLeft&quot;,&quot;_animation_delay&quot;:600}\" data-widget_type=\"image.default\">\n\t\t\t\t<div class=\"elementor-widget-container\">\n\t\t\t\t\t<div class=\"elementor-image\">\n\t\t\t\t\t\t\t\t\t\t<img src=\"https:\/\/liseandco-creations.com\/wp-content\/uploads\/2018\/10\/camion-scoobydoo.png\" title=\"camion-scoobydoo\" alt=\"camion-scoobydoo\" \/>\t\t\t\t\t\t\t\t\t\t\t<\/div>\n\t\t\t\t<\/div>\n\t\t\t\t<\/div>\n\t\t\t\t\t\t<\/div>\n\t\t\t\t\t<\/div>\n\t\t<\/div>\n\t\t\t\t<div class=\"elementor-column elementor-col-33 elementor-inner-column elementor-element elementor-element-e39be63 elementor-invisible\" data-id=\"e39be63\" data-element_type=\"column\" data-settings=\"{&quot;background_background&quot;:&quot;classic&quot;,&quot;animation&quot;:&quot;fadeInRight&quot;,&quot;animation_delay&quot;:600}\">\n\t\t\t<div class=\"elementor-column-wrap elementor-element-populated\">\n\t\t\t\t\t\t\t<div class=\"elementor-widget-wrap\">\n\t\t\t\t\t\t<div class=\"elementor-element elementor-element-0f61148 elementor-widget elementor-widget-heading\" data-id=\"0f61148\" data-element_type=\"widget\" data-widget_type=\"heading.default\">\n\t\t\t\t<div class=\"elementor-widget-container\">\n\t\t\t<h2 class=\"elementor-heading-title elementor-size-default\">Pour me suivre<\/h2>\t\t<\/div>\n\t\t\t\t<\/div>\n\t\t\t\t<div class=\"elementor-element elementor-element-fce3711 elementor-shape-square elementor-grid-0 elementor-widget elementor-widget-social-icons\" data-id=\"fce3711\" data-element_type=\"widget\" data-widget_type=\"social-icons.default\">\n\t\t\t\t<div class=\"elementor-widget-container\">\n\t\t\t\t\t<div class=\"elementor-social-icons-wrapper elementor-grid\">\n\t\t\t\t\t\t\t<div class=\"elementor-grid-item\">\n\t\t\t\t\t<a class=\"elementor-icon elementor-social-icon elementor-social-icon-facebook elementor-repeater-item-c6fc163\" href=\"https:\/\/www.facebook.com\/liseandco1\/\" target=\"_blank\">\n\t\t\t\t\t\t<span class=\"elementor-screen-only\">Facebook<\/span>\n\t\t\t\t\t\t\t\t\t\t\t\t\t<i class=\"fa fa-facebook\"><\/i>\n\t\t\t\t\t\t\t\t\t\t\t<\/a>\n\t\t\t\t<\/div>\n\t\t\t\t\t\t\t<div class=\"elementor-grid-item\">\n\t\t\t\t\t<a class=\"elementor-icon elementor-social-icon elementor-social-icon-instagram elementor-repeater-item-65ca331\" href=\"https:\/\/www.instagram.com\/liseandco_\/\" target=\"_blank\">\n\t\t\t\t\t\t<span class=\"elementor-screen-only\">Instagram<\/span>\n\t\t\t\t\t\t\t\t\t\t\t\t\t<i class=\"fa fa-instagram\"><\/i>\n\t\t\t\t\t\t\t\t\t\t\t<\/a>\n\t\t\t\t<\/div>\n\t\t\t\t\t<\/div>\n\t\t\t\t<\/div>\n\t\t\t\t<\/div>\n\t\t\t\t\t\t<\/div>\n\t\t\t\t\t<\/div>\n\t\t<\/div>\n\t\t\t\t\t\t\t\t<\/div>\n\t\t\t\t\t<\/div>\n\t\t<\/section>\n\t\t\t\t\t\t<\/div>\n\t\t\t\t\t<\/div>\n\t\t<\/div>\n\t\t\t\t\t\t\t\t<\/div>\n\t\t\t\t\t<\/div>\n\t\t<\/section>\n\t\t\t\t\t\t<\/div>\n\t\t\t\t\t\t<\/div>\n\t\t\t\t\t<\/div>\n\t\t","protected":false},"excerpt":{"rendered":"<p>Lise\u2019n\u2019Co : qui et quoi ? Lise\u2019n\u2019Co : c&rsquo;est quoi c&rsquo;est qui ?! Lise\u2019n\u2019Co, c\u2019est une petite id\u00e9e de boutique qui a germ\u00e9 en 2008 dans l&rsquo;esprit de deux amies (Elise et Corinne), et anim\u00e9e d&rsquo;une seule envie : cr\u00e9er des collections faites mains, \u00e0 prix accessibles. Cette activit\u00e9 s&rsquo;est finalement concr\u00e9tis\u00e9e de mani\u00e8re plus &hellip;<\/p>\n<p class=\"read-more\"> <a class=\"\" href=\"https:\/\/liseandco-creations.com\/index.php\/about\/\"> <span class=\"screen-reader-text\">About<\/span> Lire la suite\u00a0\u00bb<\/a><\/p>\n","protected":false},"author":1,"featured_media":0,"parent":0,"menu_order":0,"comment_status":"closed","ping_status":"closed","template":"","meta":{"_links_to":"","_links_to_target":""},"_links":{"self":[{"href":"https:\/\/liseandco-creations.com\/index.php\/wp-json\/wp\/v2\/pages\/43"}],"collection":[{"href":"https:\/\/liseandco-creations.com\/index.php\/wp-json\/wp\/v2\/pages"}],"about":[{"href":"https:\/\/liseandco-creations.com\/index.php\/wp-json\/wp\/v2\/types\/page"}],"author":[{"embeddable":true,"href":"https:\/\/liseandco-creations.com\/index.php\/wp-json\/wp\/v2\/users\/1"}],"replies":[{"embeddable":true,"href":"https:\/\/liseandco-creations.com\/index.php\/wp-json\/wp\/v2\/comments?post=43"}],"version-history":[{"count":72,"href":"https:\/\/liseandco-creations.com\/index.php\/wp-json\/wp\/v2\/pages\/43\/revisions"}],"predecessor-version":[{"id":15867,"href":"https:\/\/liseandco-creations.com\/index.php\/wp-json\/wp\/v2\/pages\/43\/revisions\/15867"}],"wp:attachment":[{"href":"https:\/\/liseandco-creations.com\/index.php\/wp-json\/wp\/v2\/media?parent=43"}],"curies":[{"name":"wp","href":"https:\/\/api.w.org\/{rel}","templated":true}]}}