{"id":585,"date":"2018-09-12T14:20:10","date_gmt":"2018-09-12T12:20:10","guid":{"rendered":"http:\/\/liseandco-creations.com\/?page_id=585"},"modified":"2018-11-12T10:54:23","modified_gmt":"2018-11-12T09:54:23","slug":"cgu","status":"publish","type":"page","link":"https:\/\/liseandco-creations.com\/index.php\/cgu\/","title":{"rendered":"Conditions g\u00e9n\u00e9rales d&rsquo;utilisations"},"content":{"rendered":"\t\t<div data-elementor-type=\"wp-post\" data-elementor-id=\"585\" class=\"elementor elementor-585 elementor-bc-flex-widget\" data-elementor-settings=\"[]\">\n\t\t\t\t\t\t<div class=\"elementor-inner\">\n\t\t\t\t\t\t\t<div class=\"elementor-section-wrap\">\n\t\t\t\t\t\t\t<section class=\"elementor-section elementor-top-section elementor-element elementor-element-442c1e5d elementor-section-content-middle elementor-section-boxed elementor-section-height-default elementor-section-height-default\" data-id=\"442c1e5d\" data-element_type=\"section\">\n\t\t\t\t\t\t<div class=\"elementor-container elementor-column-gap-no\">\n\t\t\t\t\t\t\t<div class=\"elementor-row\">\n\t\t\t\t\t<div class=\"elementor-column elementor-col-100 elementor-top-column elementor-element elementor-element-7a871e6a\" data-id=\"7a871e6a\" data-element_type=\"column\" data-settings=\"{&quot;background_background&quot;:&quot;classic&quot;}\">\n\t\t\t<div class=\"elementor-column-wrap elementor-element-populated\">\n\t\t\t\t\t\t\t<div class=\"elementor-widget-wrap\">\n\t\t\t\t\t\t<div class=\"elementor-element elementor-element-3edb4217 elementor-widget elementor-widget-heading\" data-id=\"3edb4217\" data-element_type=\"widget\" data-widget_type=\"heading.default\">\n\t\t\t\t<div class=\"elementor-widget-container\">\n\t\t\t<h4 class=\"elementor-heading-title elementor-size-default\">Conditions G\u00e9n\u00e9rales d'utilisation.<\/h4>\t\t<\/div>\n\t\t\t\t<\/div>\n\t\t\t\t<div class=\"elementor-element elementor-element-df49d61 elementor-widget elementor-widget-text-editor\" data-id=\"df49d61\" data-element_type=\"widget\" data-widget_type=\"text-editor.default\">\n\t\t\t\t<div class=\"elementor-widget-container\">\n\t\t\t\t\t<div class=\"elementor-text-editor elementor-clearfix\"><p>En vigueur au 25\/10\/2018<\/p><\/div>\n\t\t\t\t<\/div>\n\t\t\t\t<\/div>\n\t\t\t\t<div class=\"elementor-element elementor-element-a0c5fef elementor-widget-divider--view-line elementor-widget elementor-widget-divider\" data-id=\"a0c5fef\" data-element_type=\"widget\" data-widget_type=\"divider.default\">\n\t\t\t\t<div class=\"elementor-widget-container\">\n\t\t\t\t\t<div class=\"elementor-divider\">\n\t\t\t<span class=\"elementor-divider-separator\">\n\t\t\t\t\t\t<\/span>\n\t\t<\/div>\n\t\t\t\t<\/div>\n\t\t\t\t<\/div>\n\t\t\t\t<div class=\"elementor-element elementor-element-c373ea6 elementor-invisible elementor-widget elementor-widget-text-editor\" data-id=\"c373ea6\" data-element_type=\"widget\" data-settings=\"{&quot;_animation&quot;:&quot;fadeInUp&quot;}\" data-widget_type=\"text-editor.default\">\n\t\t\t\t<div class=\"elementor-widget-container\">\n\t\t\t\t\t<div class=\"elementor-text-editor elementor-clearfix\"><p>Les pr\u00e9sentes conditions g\u00e9n\u00e9rales d&rsquo;utilisation (dites\u00a0\u00bbCGU\u00a0\u00bb) ont pour l&rsquo;objet l&rsquo;encadrement juridique des modalit\u00e9s de mise \u00e0 disposition du site et de d\u00e9finir les conditions d&rsquo;acc\u00e8s et d&rsquo;utilisation des services par \u00ab\u00a0l&rsquo;Utilisateur\u00a0\u00bb.<\/p><p>Les pr\u00e9sentes CGU sont accessibles sur le site \u00e0 la rubrique \u00ab\u00a0CGU\u00a0\u00bb.<\/p><p>Toute inscription ou utilisation du site implique l&rsquo;acceptation sans aucune r\u00e9serve ni restriction des pr\u00e9sentes CGU par l&rsquo;utilisateur. Lors de l&rsquo;inscription sur le site via le Formulaire d&rsquo;inscription, chaque utilisateur accepte express\u00e9ment les pr\u00e9sentes CGU en cochant la case pr\u00e9c\u00e9dent le texte suivant : \u00ab\u00a0<em>Je reconnais avoir lu et compris les CGU et je les accepte\u00a0\u00bb<\/em>.<\/p><p>En cas de non-acceptation des CGU stipul\u00e9es dans le pr\u00e9sent contrat, l&rsquo;Utilisateur se doit de renoncer \u00e0 l&rsquo;acc\u00e8s des services propos\u00e9s par le site.<\/p><p>www.liseandco-creations.com se r\u00e9serve le droit de modifier unilat\u00e9ralement et \u00e0 tout moment le contenu des pr\u00e9sentes CGU.<\/p><p><strong>ARTICLES 1 : LES MENTIONS L\u00c9GALES<\/strong><\/p><p>L&rsquo;\u00e9dition et la direction de la publication du site www.liseandco-creations.com est assur\u00e9e par Corinne Tacheau, domicili\u00e9 25, les Terri\u00e8res 44650 Corcou\u00e9-sur-Lorgne. Adresse email : contact@liseandco-creations.com<\/p><p>L\u2019h\u00e9bergement du site www.liseandco-creations.com est la soci\u00e9t\u00e9 OVH, dont le si\u00e8ge social est au 2, rue Kellermann 59100 Roubaix France, avec le num\u00e9ro de t\u00e9l\u00e9phone : 1007.<\/p><p><strong>ARTICLES 2 : ACC\u00c8S AU SITE<\/strong><\/p><p>Le site www.liseandco-creations.com permet \u00e0 l&rsquo;Utilisateur un acc\u00e8s gratuit aux services suivants:<\/p><ul><li>Catalogue de produits<\/li><li>Vente en ligne de ces produits<\/li><\/ul><p>Le site est accessible gratuitement en tout lieu \u00e0 tout Utilisateur ayant un acc\u00e8s Internet. Tous les frais support\u00e9s par l&rsquo;Utilisateur pour acc\u00e9der au service (mat\u00e9riel informatique, logiciels, connexion Internet, etc.) sont \u00e0 sa charge. L&rsquo;utilisateur non membre n&rsquo;a pas acc\u00e8s aux services r\u00e9serv\u00e9s. Pour cela, il doit s&rsquo;inscrire en remplissant le formulaire. En acceptant de s\u2019inscrire aux services r\u00e9serv\u00e9s, l&rsquo;utilisateur membre s&rsquo;engage \u00e0 fournir des informations sinc\u00e8res et exactes concernant son \u00e9tat civil et ses coordonn\u00e9es, notamment son adresse email.\u00a0<\/p><p>Pour acc\u00e9der aux services, l&rsquo;utilisateur doit ensuite s&rsquo;identifier \u00e0 l&rsquo;aide de son identifiant et de son mot de passe qui lui seront communiqu\u00e9s apr\u00e8s son inscription.\u00a0<\/p><p>Tout utilisateur membre r\u00e9guli\u00e8rement inscrit pourra \u00e9galement solliciter sa d\u00e9sinscription en se rendant \u00e0 la page d\u00e9di\u00e9e sur son espace personnel. Celle-ci sera effective dans un d\u00e9lais raisonnable.\u00a0<\/p><p>Tout \u00e9v\u00e9nement du \u00e0 un cas de force majeure ayant pour cons\u00e9quence un dysfonctionnent du site et ou serveur sous r\u00e9serve de toute interruption ou modification en cas de maintenance, n&rsquo;engage pas la responsabilit\u00e9 de www.liseandco-creations.com. Dans ce cas, l&rsquo;utilisateur accepte ainsi ne pas tenir rigueur \u00e0 l&rsquo;\u00e9diteur de toute interruption ou suspension de services, m\u00eame sans pr\u00e9avis.\u00a0<\/p><p>L\u2019utilisateur a la possibilit\u00e9 de contacter le site par messagerie \u00e9lectronique \u00e0 l&rsquo;adresse email de l&rsquo;\u00e9diteur communiqu\u00e9e \u00e0 l&rsquo;ARTICLE 1.\u00a0<\/p><p><strong>ARTICLE 3 : COLLECTE DES DONN\u00c9ES<\/strong>\u00a0<\/p><p>Le site est exempt\u00e9 de d\u00e9claration \u00e0 la commission nationale informatique et libert\u00e9 (CNIL) dans la mesure o\u00f9 il ne collecte aucune donn\u00e9e concernant les utilisateurs.\u00a0<\/p><p><strong>ARTICLES 4 : PROPRI\u00c9T\u00c9\u00a0 INTELLECTUELLE<\/strong><\/p><p>Les marques, logos, signes ainsi que tous les contenus du site (texte, images, son&#8230;) font l&rsquo;objet d&rsquo;une protection par le Code de la Propri\u00e9t\u00e9 intellectuelle et plus particuli\u00e8rement par le droit d\u2019auteur.<\/p><p>L\u2019Utilisateur doit solliciter l\u2019autorisation l&rsquo;autorisation pr\u00e9alable du site pour toute reproduction ; publication, copie des diff\u00e9rents contenus. Il s\u2019engage \u00e0 une utilisation des contenus du site dans un cadre strictement priv\u00e9, toute utilisation \u00e0 des fins commerciales et publicitaires est strictement interdite.<\/p><p>Toute repr\u00e9sentation totale ou partielle de ce site par quelque proc\u00e9d\u00e9 que ce soit, sans l&rsquo;autorisation expresse de l&rsquo;exploitation du site internet constituerait une contrefa\u00e7on sanctionn\u00e9e par l&rsquo;article L 335-2 et suivants du Code de la propri\u00e9t\u00e9 intellectuelle.<\/p><p>Il est rappel\u00e9 conform\u00e9ment \u00e0 l&rsquo;article L122-5 du Code de propri\u00e9t\u00e9 intellectuelle que l&rsquo;Utilisateur qui reproduit, copie ou publie le contenu prot\u00e9g\u00e9 doit citer l&rsquo;auteur et sa source.<\/p><p><strong>ARTICLE 5 : RESPONSABILIT\u00c9<\/strong><\/p><p>Les sources des informations diffus\u00e9es sur le site www.liseandco-creations.com sont r\u00e9put\u00e9es fiables mais le site ne garantit pas qu&rsquo;il soit exempt de d\u00e9fauts, d&rsquo;erreurs ou d&rsquo;omissions.<\/p><p>Les informations communiqu\u00e9es sont pr\u00e9sent\u00e9es \u00e0 titre indicatif et g\u00e9n\u00e9ral sans valeur contractuelle. Malgr\u00e9 des mises \u00e0 jour r\u00e9guli\u00e8res, le site www.liseandco-creations.com ne peut \u00eatre tenu pour responsable de la modification des dispositions administratives et juridiques survenant apr\u00e8s la publication. De m\u00eame, le site ne peut \u00eatre tenu responsable de l&rsquo;utilisation et de l\u2019interpr\u00e9tation de l&rsquo;information contenue dans ce site.<\/p><p>L&rsquo;Utilisateur s&rsquo;assure de garder son mot de passe secret. Toute divulgation du mot de passe, quelle que soit sa forme, est interdite. Il assume les risques li\u00e9s \u00e0 l\u2019utilisation de son identifiant et mot de passe. Le site d\u00e9cline toute responsabilit\u00e9.<\/p><p>Le site www.liseandco-creations.com ne peut \u00eatre tenu pour responsable d&rsquo;\u00e9ventuels virus qui pourraient infecter l\u2019ordinateur ou tout mat\u00e9riel informatique de l&rsquo;internaute, suite \u00e0 une utilisation, \u00e0 l&rsquo;acc\u00e8s, ou au t\u00e9l\u00e9chargement provenant de ce site.<\/p><p>La responsabilit\u00e9 du site ne peut \u00eatre engag\u00e9e en cas de force majeure ou du fait impr\u00e9visible et insurmontable d&rsquo;un tiers.<\/p><p><strong>ARTICLE 6 : LIENS HYPERTEXTES<\/strong><\/p><p>Des liens hypertextes peuvent \u00eatre pr\u00e9sent sur le site. L&rsquo;Utilisateur est inform\u00e9 qu&rsquo;en cliquant sur ces liens, il sortira du site www.liseandco-creations.com.<\/p><p>Ce dernier n&rsquo;a pas de contr\u00f4le sur les pages web sur lesquelles aboutissent ces liens et ne saurait, en aucun cas, \u00eatre tenu responsable de leur contenu.<\/p><p><strong>ARTICLES 7 : COOKIES<\/strong><\/p><p>L&rsquo;Utilisateur est inform\u00e9 que lors de ses visites sur le site, un cookie peut s&rsquo;installer automatiquement sur son logiciel de navigation.<\/p><p>Les cookies sont de petits fichiers stock\u00e9s temporairement sur le disque dur de l&rsquo;ordinateur de l&rsquo;Utilisateur par votre navigateur et qui sont n\u00e9cessaires \u00e0 l&rsquo;utilisation du site www.liseandco-creations.com. Les cookies ne contiennent pas d&rsquo;informations personnelles et ne peuvent pas \u00eatre utilis\u00e9s pour identifier quelqu&rsquo;un. Un cookie contient un identifiant unique, g\u00e9n\u00e9r\u00e9 al\u00e9atoirement et donc anonyme. Certains cookies expirent \u00e0 la fin de la visite de l&rsquo;Utilisateur, d&rsquo;autres restent.<\/p><p>L&rsquo;information contenue dans les cookies est utilis\u00e9e pour am\u00e9liorer le site www.liseandco-creations.com. En naviguant sur le site, l&rsquo;Utilisateur les accepte.<\/p><p>L&rsquo;Utilisateur pourra d\u00e9sactiver ces cookies par l&rsquo;interm\u00e9diaire des param\u00e8tres figurant au sein de son logiciel de navigation.<\/p><p><strong>ARTICLE 8 : DROIT APPLICABLE ET JURIDICTION COMP\u00c9TENTE<\/strong><\/p><p>La l\u00e9gislation fran\u00e7aise s\u2019applique au pr\u00e9sent contrat. En cas d&rsquo;absence de r\u00e9solution amiable d&rsquo;un litige n\u00e9 entre les parties, les tribunaux fran\u00e7ais seront seuls comp\u00e9tents pour en reconna\u00eetre.<\/p><p>Pour toute question relative \u00e0 l&rsquo;application des pr\u00e9sentes CGU, vous pouvez joindre l&rsquo;\u00e9diteur aux coordonn\u00e9es inscrites \u00e0 l&rsquo;ARTICLE 1.<\/p><\/div>\n\t\t\t\t<\/div>\n\t\t\t\t<\/div>\n\t\t\t\t\t\t<\/div>\n\t\t\t\t\t<\/div>\n\t\t<\/div>\n\t\t\t\t\t\t\t\t<\/div>\n\t\t\t\t\t<\/div>\n\t\t<\/section>\n\t\t\t\t\t\t<\/div>\n\t\t\t\t\t\t<\/div>\n\t\t\t\t\t<\/div>\n\t\t","protected":false},"excerpt":{"rendered":"<p>Conditions G\u00e9n\u00e9rales d&rsquo;utilisation. En vigueur au 25\/10\/2018 Les pr\u00e9sentes conditions g\u00e9n\u00e9rales d&rsquo;utilisation (dites\u00a0\u00bbCGU\u00a0\u00bb) ont pour l&rsquo;objet l&rsquo;encadrement juridique des modalit\u00e9s de mise \u00e0 disposition du site et de d\u00e9finir les conditions d&rsquo;acc\u00e8s et d&rsquo;utilisation des services par \u00ab\u00a0l&rsquo;Utilisateur\u00a0\u00bb. Les pr\u00e9sentes CGU sont accessibles sur le site \u00e0 la rubrique \u00ab\u00a0CGU\u00a0\u00bb. Toute inscription ou utilisation du &hellip;<\/p>\n<p class=\"read-more\"> <a class=\"\" href=\"https:\/\/liseandco-creations.com\/index.php\/cgu\/\"> <span class=\"screen-reader-text\">Conditions g\u00e9n\u00e9rales d&rsquo;utilisations<\/span> Lire la suite\u00a0\u00bb<\/a><\/p>\n","protected":false},"author":1,"featured_media":0,"parent":0,"menu_order":0,"comment_status":"closed","ping_status":"closed","template":"","meta":{"_links_to":"","_links_to_target":""},"_links":{"self":[{"href":"https:\/\/liseandco-creations.com\/index.php\/wp-json\/wp\/v2\/pages\/585"}],"collection":[{"href":"https:\/\/liseandco-creations.com\/index.php\/wp-json\/wp\/v2\/pages"}],"about":[{"href":"https:\/\/liseandco-creations.com\/index.php\/wp-json\/wp\/v2\/types\/page"}],"author":[{"embeddable":true,"href":"https:\/\/liseandco-creations.com\/index.php\/wp-json\/wp\/v2\/users\/1"}],"replies":[{"embeddable":true,"href":"https:\/\/liseandco-creations.com\/index.php\/wp-json\/wp\/v2\/comments?post=585"}],"version-history":[{"count":38,"href":"https:\/\/liseandco-creations.com\/index.php\/wp-json\/wp\/v2\/pages\/585\/revisions"}],"predecessor-version":[{"id":1893,"href":"https:\/\/liseandco-creations.com\/index.php\/wp-json\/wp\/v2\/pages\/585\/revisions\/1893"}],"wp:attachment":[{"href":"https:\/\/liseandco-creations.com\/index.php\/wp-json\/wp\/v2\/media?parent=585"}],"curies":[{"name":"wp","href":"https:\/\/api.w.org\/{rel}","templated":true}]}}