{"id":753,"date":"2018-09-14T10:16:01","date_gmt":"2018-09-14T08:16:01","guid":{"rendered":"http:\/\/liseandco-creations.com\/?page_id=753"},"modified":"2025-11-10T11:23:21","modified_gmt":"2025-11-10T10:23:21","slug":"faq","status":"publish","type":"page","link":"https:\/\/liseandco-creations.com\/index.php\/faq\/","title":{"rendered":"FAQ"},"content":{"rendered":"\t\t<div data-elementor-type=\"wp-post\" data-elementor-id=\"753\" class=\"elementor elementor-753\" data-elementor-settings=\"[]\">\n\t\t\t\t\t\t<div class=\"elementor-inner\">\n\t\t\t\t\t\t\t<div class=\"elementor-section-wrap\">\n\t\t\t\t\t\t\t<section class=\"elementor-section elementor-top-section elementor-element elementor-element-7c78c60 elementor-section-boxed elementor-section-height-default elementor-section-height-default\" data-id=\"7c78c60\" data-element_type=\"section\">\n\t\t\t\t\t\t<div class=\"elementor-container elementor-column-gap-default\">\n\t\t\t\t\t\t\t<div class=\"elementor-row\">\n\t\t\t\t\t<div class=\"elementor-column elementor-col-100 elementor-top-column elementor-element elementor-element-7e92353\" data-id=\"7e92353\" data-element_type=\"column\">\n\t\t\t<div class=\"elementor-column-wrap elementor-element-populated\">\n\t\t\t\t\t\t\t<div class=\"elementor-widget-wrap\">\n\t\t\t\t\t\t<div class=\"elementor-element elementor-element-4dae586 animated-fast elementor-invisible elementor-widget elementor-widget-heading\" data-id=\"4dae586\" data-element_type=\"widget\" data-settings=\"{&quot;_animation&quot;:&quot;fadeInLeft&quot;}\" data-widget_type=\"heading.default\">\n\t\t\t\t<div class=\"elementor-widget-container\">\n\t\t\t<h2 class=\"elementor-heading-title elementor-size-default\">FOIRE AUX QUESTIONS<\/h2>\t\t<\/div>\n\t\t\t\t<\/div>\n\t\t\t\t<section class=\"elementor-section elementor-inner-section elementor-element elementor-element-38d49f9 elementor-section-boxed elementor-section-height-default elementor-section-height-default\" data-id=\"38d49f9\" data-element_type=\"section\">\n\t\t\t\t\t\t<div class=\"elementor-container elementor-column-gap-default\">\n\t\t\t\t\t\t\t<div class=\"elementor-row\">\n\t\t\t\t\t<div class=\"elementor-column elementor-col-100 elementor-inner-column elementor-element elementor-element-37a9a92\" data-id=\"37a9a92\" data-element_type=\"column\" data-settings=\"{&quot;background_background&quot;:&quot;classic&quot;}\">\n\t\t\t<div class=\"elementor-column-wrap elementor-element-populated\">\n\t\t\t\t\t\t\t<div class=\"elementor-widget-wrap\">\n\t\t\t\t\t\t<div class=\"elementor-element elementor-element-3537fb0 elementor-invisible elementor-widget elementor-widget-text-editor\" data-id=\"3537fb0\" data-element_type=\"widget\" data-settings=\"{&quot;_animation&quot;:&quot;fadeIn&quot;}\" data-widget_type=\"text-editor.default\">\n\t\t\t\t<div class=\"elementor-widget-container\">\n\t\t\t\t\t<div class=\"elementor-text-editor elementor-clearfix\"><p><span style=\"color: #000000;\"><strong><span style=\"color: #000000;\">Combien<\/span> co\u00fbte l\u2019envoi de ma commande ?<\/strong><\/span><\/p><p>Les frais d\u2019exp\u00e9dition sont calcul\u00e9s en fonction du poids du colis, de son affranchissement et du conditionnement. <br \/>Petite info au passage : je vous offre les frais de port (si si !) si votre commande atteint 70 euros d\u2019achats \ud83d\ude42<\/p><p>Je livre partout et propose diff\u00e9rents types d\u2019envoi :<\/p><p><span style=\"color: #008080;\"><strong>&gt; L\u2019envoi par Lettre Suivie<\/strong><\/span>, c\u2019est une lettre cartonn\u00e9e avec un suivi pour l\u2019exp\u00e9diteur, qui ne comprend ni signature ni assurance, gliss\u00e9e dans la bo\u00eete aux lettres, pouvant transporter\u00a0200g de marchandises pour 2\u20ac, de 250g \u00e0 500g pour 3\u20ac60, de 500g \u00e0 1kg pour 5\u20ac20 et plus de 1kg pour 6\u20ac80.\u00a0<strong>C\u2019est l\u2019id\u00e9al pour toutes vos commandes comprenant un ou plusieurs bijoux ou accessoires.<\/strong> Le d\u00e9lai est compris entre 48h et 72h en France m\u00e9tropolitaine \u00e0 partir du moment o\u00f9 j\u2019aurai trait\u00e9 votre commande<strong> (donc o\u00f9 je vous aurai envoy\u00e9 un mail de confirmation d\u2019exp\u00e9dition).<\/strong><\/p><p><span style=\"color: #008080;\"><strong>&gt; L\u2019envoi par Colissimo International<\/strong><\/span> est remis contre signature et assur\u00e9 : les frais de livraison correspondent aux tarifs de la Poste en vigueur ainsi que les co\u00fbts d\u2019emballage. <strong>Ces prix vous sont communiqu\u00e9s avant de proc\u00e9der au r\u00e8glement de votre commande dans le d\u00e9tail de votre panier d\u2019achat. Le d\u00e9lai est compris entre 4 \u00e0 8 jours ouvr\u00e9s apr\u00e8s le traitement de la commande.<\/strong><\/p><hr \/><p><strong>J\u2019ai r\u00e9gl\u00e9 par ch\u00e8que mais je n\u2019ai rien re\u00e7u, que se passe-t-il ?<\/strong><\/p><p>Les d\u00e9lais sont un peu plus longs pour les paiements par ch\u00e8que, le temps de sa r\u00e9ception et de son encaissement. Ensuite il se peut que le ch\u00e8que ne me soit pas parvenu ou qu\u2019il y ait un probl\u00e8me \u00e0 l\u2019encaissement : dans ce cas, <a href=\"http:\/\/liseandco-creations.com\/index.php\/contactez-moi\/\" target=\"_blank\" rel=\"noopener\">\u00e9crivez-moi<\/a> si je n\u2019ai pas eu le temps de vous contacter avant !<\/p><hr \/><p><strong>Quand recevrai-je ma commande ? <\/strong><\/p><p>Comme je l\u2019explique <a href=\"http:\/\/liseandco-creations.com\/index.php\/about\/\" target=\"_blank\" rel=\"noopener\">ici<\/a> , m\u00eame si j\u2019ai un peu d\u2019aide pour la g\u00e9rer, mon entreprise reste (et restera ! \ud83d\ude42 ) toute petite !<\/p><p>Je fais \u00e7a avec passion, je chine les tissus, je couds, j\u2019assemble, je colle, je cr\u00e9e, je personnalise \u00e0 la demande, je parcours la France pour vous rencontrer sur les salons et vous faire d\u00e9couvrir mes collections, j\u2019essaye de r\u00e9pondre au mieux \u00e0 toutes vos questions\u2026 et bien s\u00fbr j\u2019envoie vos colis avec plein d\u2019amour et d\u2019attentions &lt;3 <br \/>Parfois en vadrouille sur les salons, je ne suis pas dans mon atelier pour honorer dans la foul\u00e9e les commandes en ligne, aussi je pr\u00e9f\u00e8re pr\u00e9venir que <strong>toute commande sera pr\u00e9par\u00e9e et envoy\u00e9e en moyenne \u00e0 8 jours ouvr\u00e9s apr\u00e8s r\u00e9ception du paiement de votre commande.<\/strong><\/p><p>H\u00e9 oui, les d\u00e9lais de livraison d\u2019une cr\u00e9atrice ne sont pas ceux de l\u2019industrie \ud83d\ude09 Mais promis, le c\u0153ur y est et la passion aussi ! <br \/>Merci de me soutenir par vos commandes et de comprendre les petites contraintes de ce fonctionnement.<\/p><hr \/><p><strong>Mon colis n\u2019arrive pas\u2026<\/strong><\/p><p>J\u2019envoie \u00e0 chaque commande un petit message de confirmation d\u2019exp\u00e9dition avec le num\u00e9ro de suivi, il n\u2019y a plus qu\u2019\u00e0 surveiller o\u00f9 \u00e7a en est sur le site de La Poste.<\/p><hr \/><p><strong>Mince, ma commande arrive ab\u00eem\u00e9e\u2026.<\/strong><\/p><p>Mais que s\u2019est-il pass\u00e9 ?! Je mets un point d\u2019honneur \u00e0 prot\u00e9ger vos commandes au mieux avant de vous les envoyer, promis ! Lorsque vous le recevez, veillez toujours \u00e0 bien v\u00e9rifier votre colis : s\u2019il est ab\u00eem\u00e9 ou ouvert, il faut tout de suite en parler avec le facteur pour qu\u2019il vous conseille sur la proc\u00e9dure \u00e0 suivre. Si c\u2019est un probl\u00e8me de fabrication (\u00e7a arrive quand tout est fait main !), <a href=\"http:\/\/liseandco-creations.com\/index.php\/contactez-moi\/\" target=\"_blank\" rel=\"noopener\">contactez-moi<\/a> et nous trouveront la solution pour y rem\u00e9dier. Sur salon ou par retour de colis, je peux r\u00e9parer les cr\u00e9ations ab\u00eem\u00e9es ou cass\u00e9es\u2026 dans la mesure du raisonnable !<br \/>Pensez \u00e0 prendre connaissance des CGV \ud83d\ude09<\/p><hr \/><p><strong>Je voudrais une cr\u00e9ation mais pr\u00e9f\u00e8re un autre motif, le personnaliser pour aller avec ma tenue, changer un d\u00e9tail\u2026<\/strong><\/p><p>Discutons-en \ud83d\ude42 <br \/>D\u00e9crivez-moi l\u2019id\u00e9e <a href=\"http:\/\/liseandco-creations.com\/index.php\/contactez-moi\/\" target=\"_blank\" rel=\"noopener\">ici<\/a><\/p><hr \/><p><strong>En quoi sont faits les bijoux ?<\/strong><\/p><p>Principalement en acier inoxydable ,cela r\u00e9duit au maximum les risques d&rsquo;allergie ! et parfois en laiton sans nickel et sans cadmium, donc peu allergisant \u00e9galement.<\/p><hr \/><p><strong>J\u2019adore vos cr\u00e9ations (ho merci \u2665! ) j\u2019aimerai bien les vendre dans ma boutique, c\u2019est possible ?<\/strong><\/p><p>Avec PLAISIR \ud83d\ude42 ! Plusieurs boutiques proposent mes cr\u00e9ations \u00e0 leurs client.es, <a href=\"http:\/\/liseandco-creations.com\/index.php\/contactez-moi\/\" target=\"_blank\" rel=\"noopener\">\u00e9crivez-moi<\/a> pour me parler de la v\u00f4tre !<\/p><hr \/><p><strong>Je suis dessinateur, cr\u00e9ateur, fabricant de tissu\u2026 j\u2019aimerai bien qu\u2019on travaille ensemble&#8230;<\/strong><\/p><p>Chouette ! Un petit message par <a href=\"http:\/\/liseandco-creations.com\/index.php\/contactez-moi\/\" target=\"_blank\" rel=\"noopener\">ici<\/a> pour commencer et on en parle bient\u00f4t \ud83d\ude42<\/p><hr \/><p><strong>Vous ne trouvez pas la r\u00e9ponse \u00e0 votre question ici ?<\/strong><\/p><p>Alors <a href=\"http:\/\/liseandco-creations.com\/index.php\/contactez-moi\/\" target=\"_blank\" rel=\"noopener\">\u00e9crivez-moi<\/a>, je r\u00e9pondrai d\u00e8s que possible, dans mon atelier ou sur la route des salons \ud83d\ude42<\/p><\/div>\n\t\t\t\t<\/div>\n\t\t\t\t<\/div>\n\t\t\t\t<div class=\"elementor-element elementor-element-4c3e092 elementor-invisible elementor-widget elementor-widget-text-editor\" data-id=\"4c3e092\" data-element_type=\"widget\" data-settings=\"{&quot;_animation&quot;:&quot;fadeIn&quot;}\" data-widget_type=\"text-editor.default\">\n\t\t\t\t<div class=\"elementor-widget-container\">\n\t\t\t\t\t<div class=\"elementor-text-editor elementor-clearfix\"><\/div>\n\t\t\t\t<\/div>\n\t\t\t\t<\/div>\n\t\t\t\t\t\t<\/div>\n\t\t\t\t\t<\/div>\n\t\t<\/div>\n\t\t\t\t\t\t\t\t<\/div>\n\t\t\t\t\t<\/div>\n\t\t<\/section>\n\t\t\t\t\t\t<\/div>\n\t\t\t\t\t<\/div>\n\t\t<\/div>\n\t\t\t\t\t\t\t\t<\/div>\n\t\t\t\t\t<\/div>\n\t\t<\/section>\n\t\t\t\t\t\t<\/div>\n\t\t\t\t\t\t<\/div>\n\t\t\t\t\t<\/div>\n\t\t","protected":false},"excerpt":{"rendered":"<p>FOIRE AUX QUESTIONS Combien co\u00fbte l\u2019envoi de ma commande ? Les frais d\u2019exp\u00e9dition sont calcul\u00e9s en fonction du poids du colis, de son affranchissement et du conditionnement. Petite info au passage : je vous offre les frais de port (si si !) si votre commande atteint 70 euros d\u2019achats \ud83d\ude42 Je livre partout et propose &hellip;<\/p>\n<p class=\"read-more\"> <a class=\"\" href=\"https:\/\/liseandco-creations.com\/index.php\/faq\/\"> <span class=\"screen-reader-text\">FAQ<\/span> Lire la suite\u00a0\u00bb<\/a><\/p>\n","protected":false},"author":1,"featured_media":0,"parent":0,"menu_order":0,"comment_status":"closed","ping_status":"closed","template":"","meta":{"_links_to":"","_links_to_target":""},"_links":{"self":[{"href":"https:\/\/liseandco-creations.com\/index.php\/wp-json\/wp\/v2\/pages\/753"}],"collection":[{"href":"https:\/\/liseandco-creations.com\/index.php\/wp-json\/wp\/v2\/pages"}],"about":[{"href":"https:\/\/liseandco-creations.com\/index.php\/wp-json\/wp\/v2\/types\/page"}],"author":[{"embeddable":true,"href":"https:\/\/liseandco-creations.com\/index.php\/wp-json\/wp\/v2\/users\/1"}],"replies":[{"embeddable":true,"href":"https:\/\/liseandco-creations.com\/index.php\/wp-json\/wp\/v2\/comments?post=753"}],"version-history":[{"count":34,"href":"https:\/\/liseandco-creations.com\/index.php\/wp-json\/wp\/v2\/pages\/753\/revisions"}],"predecessor-version":[{"id":15869,"href":"https:\/\/liseandco-creations.com\/index.php\/wp-json\/wp\/v2\/pages\/753\/revisions\/15869"}],"wp:attachment":[{"href":"https:\/\/liseandco-creations.com\/index.php\/wp-json\/wp\/v2\/media?parent=753"}],"curies":[{"name":"wp","href":"https:\/\/api.w.org\/{rel}","templated":true}]}}