{"id":12869,"date":"2022-08-04T11:30:28","date_gmt":"2022-08-04T09:30:28","guid":{"rendered":"http:\/\/liseandco-creations.com\/?post_type=product&#038;p=12869"},"modified":"2026-03-02T07:59:19","modified_gmt":"2026-03-02T06:59:19","slug":"grand-porte-monnaie-13","status":"publish","type":"product","link":"https:\/\/liseandco-creations.com\/index.php\/produit\/grand-porte-monnaie-13\/","title":{"rendered":"Grand porte monnaie"},"content":{"rendered":"<p><strong>* Id\u00e9al pour les papiers : carte d&rsquo;identit\u00e9, carte bleue etc. ! *<\/strong><\/p>\n<p><strong>Mati\u00e8re <\/strong><\/p>\n<p>-Ext\u00e9rieur : velours<\/p>\n<p>-Int\u00e9rieur : simili-cuir<\/p>\n<p><strong>Dimensions <\/strong><\/p>\n<p>-15 x 11 cms<\/p>\n","protected":false},"excerpt":{"rendered":"<p>* Id\u00e9al pour les papiers : carte d&rsquo;identit\u00e9, carte bleue etc. ! * Mati\u00e8re -Ext\u00e9rieur : velours -Int\u00e9rieur : simili-cuir Dimensions -15 x 11 cms<\/p>\n","protected":false},"featured_media":12834,"comment_status":"open","ping_status":"closed","template":"","meta":{"_links_to":"","_links_to_target":""},"_links":{"self":[{"href":"https:\/\/liseandco-creations.com\/index.php\/wp-json\/wp\/v2\/product\/12869"}],"collection":[{"href":"https:\/\/liseandco-creations.com\/index.php\/wp-json\/wp\/v2\/product"}],"about":[{"href":"https:\/\/liseandco-creations.com\/index.php\/wp-json\/wp\/v2\/types\/product"}],"replies":[{"embeddable":true,"href":"https:\/\/liseandco-creations.com\/index.php\/wp-json\/wp\/v2\/comments?post=12869"}],"version-history":[{"count":2,"href":"https:\/\/liseandco-creations.com\/index.php\/wp-json\/wp\/v2\/product\/12869\/revisions"}],"predecessor-version":[{"id":12877,"href":"https:\/\/liseandco-creations.com\/index.php\/wp-json\/wp\/v2\/product\/12869\/revisions\/12877"}],"wp:featuredmedia":[{"embeddable":true,"href":"https:\/\/liseandco-creations.com\/index.php\/wp-json\/wp\/v2\/media\/12834"}],"wp:attachment":[{"href":"https:\/\/liseandco-creations.com\/index.php\/wp-json\/wp\/v2\/media?parent=12869"}],"curies":[{"name":"wp","href":"https:\/\/api.w.org\/{rel}","templated":true}]}}