{"id":12890,"date":"2022-08-04T11:32:45","date_gmt":"2022-08-04T09:32:45","guid":{"rendered":"http:\/\/liseandco-creations.com\/?post_type=product&#038;p=12890"},"modified":"2025-12-07T21:26:07","modified_gmt":"2025-12-07T20:26:07","slug":"grand-porte-monnaie-20","status":"publish","type":"product","link":"https:\/\/liseandco-creations.com\/index.php\/produit\/grand-porte-monnaie-20\/","title":{"rendered":"Grand porte monnaie"},"content":{"rendered":"<p><strong>* Id\u00e9al pour les papiers : carte d&rsquo;identit\u00e9, carte bleue etc. ! *<\/strong><\/p>\n<p><strong>Mati\u00e8re <\/strong><\/p>\n<p>-Ext\u00e9rieur : coton<\/p>\n<p>-Int\u00e9rieur : simili-cuir<\/p>\n<p><strong>Dimensions <\/strong><\/p>\n<p>-15 x 11 cms<\/p>\n","protected":false},"excerpt":{"rendered":"<p>* Id\u00e9al pour les papiers : carte d&rsquo;identit\u00e9, carte bleue etc. ! * Mati\u00e8re -Ext\u00e9rieur : coton -Int\u00e9rieur : simili-cuir Dimensions -15 x 11 cms<\/p>\n","protected":false},"featured_media":16340,"comment_status":"open","ping_status":"closed","template":"","meta":{"_links_to":"","_links_to_target":""},"_links":{"self":[{"href":"https:\/\/liseandco-creations.com\/index.php\/wp-json\/wp\/v2\/product\/12890"}],"collection":[{"href":"https:\/\/liseandco-creations.com\/index.php\/wp-json\/wp\/v2\/product"}],"about":[{"href":"https:\/\/liseandco-creations.com\/index.php\/wp-json\/wp\/v2\/types\/product"}],"replies":[{"embeddable":true,"href":"https:\/\/liseandco-creations.com\/index.php\/wp-json\/wp\/v2\/comments?post=12890"}],"version-history":[{"count":3,"href":"https:\/\/liseandco-creations.com\/index.php\/wp-json\/wp\/v2\/product\/12890\/revisions"}],"predecessor-version":[{"id":16341,"href":"https:\/\/liseandco-creations.com\/index.php\/wp-json\/wp\/v2\/product\/12890\/revisions\/16341"}],"wp:featuredmedia":[{"embeddable":true,"href":"https:\/\/liseandco-creations.com\/index.php\/wp-json\/wp\/v2\/media\/16340"}],"wp:attachment":[{"href":"https:\/\/liseandco-creations.com\/index.php\/wp-json\/wp\/v2\/media?parent=12890"}],"curies":[{"name":"wp","href":"https:\/\/api.w.org\/{rel}","templated":true}]}}