{"id":12966,"date":"2022-08-05T12:41:01","date_gmt":"2022-08-05T10:41:01","guid":{"rendered":"http:\/\/liseandco-creations.com\/?post_type=product&#038;p=12966"},"modified":"2025-11-10T16:18:14","modified_gmt":"2025-11-10T15:18:14","slug":"petit-porte-monnaie-12-2","status":"publish","type":"product","link":"https:\/\/liseandco-creations.com\/index.php\/produit\/petit-porte-monnaie-12-2\/","title":{"rendered":"Petit porte monnaie"},"content":{"rendered":"<p style=\"text-align: left;\"><span style=\"color: #000000;\"><strong>* Cousu Main *<\/strong><\/span><\/p>\n<p style=\"text-align: left;\"><strong><span style=\"color: #ff99cc;\">Mati\u00e8re<\/span> <\/strong><\/p>\n<p style=\"text-align: left;\"><span style=\"color: #33cccc;\">-Ext\u00e9rieur : tissu coton<\/span><\/p>\n<p style=\"text-align: left;\"><span style=\"color: #33cccc;\">-Int\u00e9rieur : simili-cuir<\/span><\/p>\n<p style=\"text-align: left;\"><strong><span style=\"color: #ff99cc;\">Dimensions<\/span> <\/strong><\/p>\n<p><span style=\"color: #33cccc;\">-11 x 10 cms<\/span><\/p>\n","protected":false},"excerpt":{"rendered":"<p>Ce petit porte monnaie r\u00e9tro \u00e0 fermoir clic-clac, au motif inspir\u00e9 de la Famille Addams et de son h\u00e9ro\u00efne Wednesday au caract\u00e8re bien tremp\u00e9, est l&rsquo;accessoire id\u00e9al pour affirmer votre personnalit\u00e9 lors de vos achats quotidiens.<br \/>\nTr\u00e8s pratique , il peut se glisser dans un petit sac \u00e0 main ou dans les poches d&rsquo;un manteau, et transporter vos pi\u00e8ces de monnaie ainsi qu&rsquo;une CB.<\/p>\n","protected":false},"featured_media":15919,"comment_status":"open","ping_status":"closed","template":"","meta":{"_links_to":"","_links_to_target":""},"_links":{"self":[{"href":"https:\/\/liseandco-creations.com\/index.php\/wp-json\/wp\/v2\/product\/12966"}],"collection":[{"href":"https:\/\/liseandco-creations.com\/index.php\/wp-json\/wp\/v2\/product"}],"about":[{"href":"https:\/\/liseandco-creations.com\/index.php\/wp-json\/wp\/v2\/types\/product"}],"replies":[{"embeddable":true,"href":"https:\/\/liseandco-creations.com\/index.php\/wp-json\/wp\/v2\/comments?post=12966"}],"version-history":[{"count":3,"href":"https:\/\/liseandco-creations.com\/index.php\/wp-json\/wp\/v2\/product\/12966\/revisions"}],"predecessor-version":[{"id":15936,"href":"https:\/\/liseandco-creations.com\/index.php\/wp-json\/wp\/v2\/product\/12966\/revisions\/15936"}],"wp:featuredmedia":[{"embeddable":true,"href":"https:\/\/liseandco-creations.com\/index.php\/wp-json\/wp\/v2\/media\/15919"}],"wp:attachment":[{"href":"https:\/\/liseandco-creations.com\/index.php\/wp-json\/wp\/v2\/media?parent=12966"}],"curies":[{"name":"wp","href":"https:\/\/api.w.org\/{rel}","templated":true}]}}