{"id":13027,"date":"2022-09-20T10:30:35","date_gmt":"2022-09-20T08:30:35","guid":{"rendered":"http:\/\/liseandco-creations.com\/?post_type=product&#038;p=13027"},"modified":"2025-12-07T21:19:44","modified_gmt":"2025-12-07T20:19:44","slug":"trousse-a-maquillage-ou-autre-4","status":"publish","type":"product","link":"https:\/\/liseandco-creations.com\/index.php\/produit\/trousse-a-maquillage-ou-autre-4\/","title":{"rendered":"Trousse \u00e0 maquillage (ou autre!)"},"content":{"rendered":"<p><strong>* Id\u00e9al pour transporter votre maquillage ! *<\/strong><\/p>\n<p><strong>Mati\u00e8re <\/strong><\/p>\n<p>-Ext\u00e9rieur : tissu coton<\/p>\n<p>-Int\u00e9rieur : simili-cuir<\/p>\n<p><strong>Dimensions <\/strong><\/p>\n<p>-15 x 14cms<\/p>\n","protected":false},"excerpt":{"rendered":"<p>* Id\u00e9al pour transporter votre maquillage ! * Mati\u00e8re -Ext\u00e9rieur : tissu coton -Int\u00e9rieur : simili-cuir Dimensions -15 x 14cms<\/p>\n","protected":false},"featured_media":16336,"comment_status":"open","ping_status":"closed","template":"","meta":{"_links_to":"","_links_to_target":""},"_links":{"self":[{"href":"https:\/\/liseandco-creations.com\/index.php\/wp-json\/wp\/v2\/product\/13027"}],"collection":[{"href":"https:\/\/liseandco-creations.com\/index.php\/wp-json\/wp\/v2\/product"}],"about":[{"href":"https:\/\/liseandco-creations.com\/index.php\/wp-json\/wp\/v2\/types\/product"}],"replies":[{"embeddable":true,"href":"https:\/\/liseandco-creations.com\/index.php\/wp-json\/wp\/v2\/comments?post=13027"}],"version-history":[{"count":1,"href":"https:\/\/liseandco-creations.com\/index.php\/wp-json\/wp\/v2\/product\/13027\/revisions"}],"predecessor-version":[{"id":13030,"href":"https:\/\/liseandco-creations.com\/index.php\/wp-json\/wp\/v2\/product\/13027\/revisions\/13030"}],"wp:featuredmedia":[{"embeddable":true,"href":"https:\/\/liseandco-creations.com\/index.php\/wp-json\/wp\/v2\/media\/16336"}],"wp:attachment":[{"href":"https:\/\/liseandco-creations.com\/index.php\/wp-json\/wp\/v2\/media?parent=13027"}],"curies":[{"name":"wp","href":"https:\/\/api.w.org\/{rel}","templated":true}]}}