{"id":13116,"date":"2022-10-01T08:00:07","date_gmt":"2022-10-01T06:00:07","guid":{"rendered":"http:\/\/liseandco-creations.com\/?post_type=product&#038;p=13116"},"modified":"2025-12-07T21:06:11","modified_gmt":"2025-12-07T20:06:11","slug":"grand-porte-monnaie-3","status":"publish","type":"product","link":"https:\/\/liseandco-creations.com\/index.php\/produit\/grand-porte-monnaie-3\/","title":{"rendered":"Grand porte monnaie"},"content":{"rendered":"<p>\ud83c\udf38 Tissu import\u00e9 du Japon \ud83c\udf38<\/p>\n<p><strong>* Id\u00e9al pour les papiers : carte d&rsquo;identit\u00e9, carte bleue etc. ! *<\/strong><\/p>\n<p><strong>Mati\u00e8re <\/strong><\/p>\n<p>-Ext\u00e9rieur : coton<\/p>\n<p>-Int\u00e9rieur : simili-cuir<\/p>\n<p><strong>Dimensions <\/strong><\/p>\n<p>-15 x 11 cms<\/p>\n","protected":false},"excerpt":{"rendered":"<p>\ud83c\udf38 Tissu import\u00e9 du Japon \ud83c\udf38 * Id\u00e9al pour les papiers : carte d&rsquo;identit\u00e9, carte bleue etc. ! * Mati\u00e8re -Ext\u00e9rieur : coton -Int\u00e9rieur : simili-cuir Dimensions -15 x 11 cms<\/p>\n","protected":false},"featured_media":16331,"comment_status":"open","ping_status":"closed","template":"","meta":{"_links_to":"","_links_to_target":""},"_links":{"self":[{"href":"https:\/\/liseandco-creations.com\/index.php\/wp-json\/wp\/v2\/product\/13116"}],"collection":[{"href":"https:\/\/liseandco-creations.com\/index.php\/wp-json\/wp\/v2\/product"}],"about":[{"href":"https:\/\/liseandco-creations.com\/index.php\/wp-json\/wp\/v2\/types\/product"}],"replies":[{"embeddable":true,"href":"https:\/\/liseandco-creations.com\/index.php\/wp-json\/wp\/v2\/comments?post=13116"}],"version-history":[{"count":2,"href":"https:\/\/liseandco-creations.com\/index.php\/wp-json\/wp\/v2\/product\/13116\/revisions"}],"predecessor-version":[{"id":16332,"href":"https:\/\/liseandco-creations.com\/index.php\/wp-json\/wp\/v2\/product\/13116\/revisions\/16332"}],"wp:featuredmedia":[{"embeddable":true,"href":"https:\/\/liseandco-creations.com\/index.php\/wp-json\/wp\/v2\/media\/16331"}],"wp:attachment":[{"href":"https:\/\/liseandco-creations.com\/index.php\/wp-json\/wp\/v2\/media?parent=13116"}],"curies":[{"name":"wp","href":"https:\/\/api.w.org\/{rel}","templated":true}]}}