{"id":13298,"date":"2022-10-19T15:29:16","date_gmt":"2022-10-19T13:29:16","guid":{"rendered":"http:\/\/liseandco-creations.com\/?post_type=product&#038;p=13298"},"modified":"2026-02-09T08:21:56","modified_gmt":"2026-02-09T07:21:56","slug":"petit-porte-monnaie-3","status":"publish","type":"product","link":"https:\/\/liseandco-creations.com\/index.php\/produit\/petit-porte-monnaie-3\/","title":{"rendered":"Petit porte monnaie"},"content":{"rendered":"<p style=\"text-align: left;\"><span style=\"color: #000000;\"><strong>* Cousu main *<\/strong><\/span><\/p>\n<p style=\"text-align: left;\"><span style=\"color: #000000;\"><strong>Mati\u00e8re <\/strong><\/span><\/p>\n<p style=\"text-align: left;\"><span style=\"color: #000000;\">-Ext\u00e9rieur : tissu coton<\/span><\/p>\n<p style=\"text-align: left;\"><span style=\"color: #000000;\">-Int\u00e9rieur : simili-cuir<\/span><\/p>\n<p style=\"text-align: left;\"><span style=\"color: #000000;\"><strong>Dimensions <\/strong><\/span><\/p>\n<p><span style=\"color: #000000;\">-11 x 10 cms<\/span><\/p>\n","protected":false},"excerpt":{"rendered":"<p>D&rsquo;inspiration R\u00e9tro et Dark , ce petit porte monnaie clic-clac au motif m\u00ealant corbeau noir, cr\u00e2nes et fleurs rouges , sera l&rsquo;accessoire id\u00e9al pour affirmer votre cot\u00e9 sombre au moment de r\u00e9gler vos achats.<\/p>\n<p>Son format pratique permet de le glisser dans son sac \u00e0 main, ou dans une poche de manteau. Il peut contenir une CB, et bien entendu vos pi\u00e8ces de monnaie.<\/p>\n","protected":false},"featured_media":15920,"comment_status":"open","ping_status":"closed","template":"","meta":{"_links_to":"","_links_to_target":""},"_links":{"self":[{"href":"https:\/\/liseandco-creations.com\/index.php\/wp-json\/wp\/v2\/product\/13298"}],"collection":[{"href":"https:\/\/liseandco-creations.com\/index.php\/wp-json\/wp\/v2\/product"}],"about":[{"href":"https:\/\/liseandco-creations.com\/index.php\/wp-json\/wp\/v2\/types\/product"}],"replies":[{"embeddable":true,"href":"https:\/\/liseandco-creations.com\/index.php\/wp-json\/wp\/v2\/comments?post=13298"}],"version-history":[{"count":3,"href":"https:\/\/liseandco-creations.com\/index.php\/wp-json\/wp\/v2\/product\/13298\/revisions"}],"predecessor-version":[{"id":15935,"href":"https:\/\/liseandco-creations.com\/index.php\/wp-json\/wp\/v2\/product\/13298\/revisions\/15935"}],"wp:featuredmedia":[{"embeddable":true,"href":"https:\/\/liseandco-creations.com\/index.php\/wp-json\/wp\/v2\/media\/15920"}],"wp:attachment":[{"href":"https:\/\/liseandco-creations.com\/index.php\/wp-json\/wp\/v2\/media?parent=13298"}],"curies":[{"name":"wp","href":"https:\/\/api.w.org\/{rel}","templated":true}]}}