{"id":13299,"date":"2022-10-19T15:29:31","date_gmt":"2022-10-19T13:29:31","guid":{"rendered":"http:\/\/liseandco-creations.com\/?post_type=product&#038;p=13299"},"modified":"2025-11-10T16:02:51","modified_gmt":"2025-11-10T15:02:51","slug":"petit-porte-monnaie","status":"publish","type":"product","link":"https:\/\/liseandco-creations.com\/index.php\/produit\/petit-porte-monnaie\/","title":{"rendered":"Petit porte monnaie"},"content":{"rendered":"<p style=\"text-align: left;\"><span style=\"color: #000000;\"><strong>* Id\u00e9al pour la petite monnaie ! *<\/strong><\/span><\/p>\n<p style=\"text-align: left;\"><span style=\"color: #000000;\"><strong>Mati\u00e8re <\/strong><\/span><\/p>\n<p style=\"text-align: left;\"><span style=\"color: #000000;\">-Ext\u00e9rieur : tissu coton<\/span><\/p>\n<p style=\"text-align: left;\"><span style=\"color: #000000;\">-Int\u00e9rieur : simili-cuir<\/span><\/p>\n<p style=\"text-align: left;\"><span style=\"color: #000000;\"><strong>Dimensions <\/strong><\/span><\/p>\n<p><span style=\"color: #000000;\">-11 x 10 cms<\/span><\/p>\n","protected":false},"excerpt":{"rendered":"<p>* Id\u00e9al pour la petite monnaie ! * Mati\u00e8re -Ext\u00e9rieur : tissu coton -Int\u00e9rieur : simili-cuir Dimensions -11 x 10 cms<\/p>\n","protected":false},"featured_media":15921,"comment_status":"open","ping_status":"closed","template":"","meta":{"_links_to":"","_links_to_target":""},"_links":{"self":[{"href":"https:\/\/liseandco-creations.com\/index.php\/wp-json\/wp\/v2\/product\/13299"}],"collection":[{"href":"https:\/\/liseandco-creations.com\/index.php\/wp-json\/wp\/v2\/product"}],"about":[{"href":"https:\/\/liseandco-creations.com\/index.php\/wp-json\/wp\/v2\/types\/product"}],"replies":[{"embeddable":true,"href":"https:\/\/liseandco-creations.com\/index.php\/wp-json\/wp\/v2\/comments?post=13299"}],"version-history":[{"count":1,"href":"https:\/\/liseandco-creations.com\/index.php\/wp-json\/wp\/v2\/product\/13299\/revisions"}],"predecessor-version":[{"id":13318,"href":"https:\/\/liseandco-creations.com\/index.php\/wp-json\/wp\/v2\/product\/13299\/revisions\/13318"}],"wp:featuredmedia":[{"embeddable":true,"href":"https:\/\/liseandco-creations.com\/index.php\/wp-json\/wp\/v2\/media\/15921"}],"wp:attachment":[{"href":"https:\/\/liseandco-creations.com\/index.php\/wp-json\/wp\/v2\/media?parent=13299"}],"curies":[{"name":"wp","href":"https:\/\/api.w.org\/{rel}","templated":true}]}}