{"id":13325,"date":"2022-10-19T15:39:08","date_gmt":"2022-10-19T13:39:08","guid":{"rendered":"http:\/\/liseandco-creations.com\/?post_type=product&#038;p=13325"},"modified":"2025-11-10T16:01:53","modified_gmt":"2025-11-10T15:01:53","slug":"petit-porte-monnaie-10-2","status":"publish","type":"product","link":"https:\/\/liseandco-creations.com\/index.php\/produit\/petit-porte-monnaie-10-2\/","title":{"rendered":"Petit porte monnaie"},"content":{"rendered":"<p style=\"text-align: left;\"><span style=\"color: #000000;\"><strong>* Cousu main *<\/strong><\/span><\/p>\n<p style=\"text-align: left;\"><span style=\"color: #000000;\"><strong>Mati\u00e8re <\/strong><\/span><\/p>\n<p style=\"text-align: left;\"><span style=\"color: #000000;\">-Ext\u00e9rieur : tissu coton<\/span><\/p>\n<p style=\"text-align: left;\"><span style=\"color: #000000;\">-Int\u00e9rieur : simili-cuir<\/span><\/p>\n<p style=\"text-align: left;\"><span style=\"color: #000000;\"><strong>Dimensions <\/strong><\/span><\/p>\n<p><span style=\"color: #000000;\">-11 x 10 cms<\/span><\/p>\n","protected":false},"excerpt":{"rendered":"<p>R\u00e9veilles le punk qui est en toi !<br \/>\nCe petit porte-monnaie clic-clac d&rsquo;inspiration r\u00e9tro, est l&rsquo;accessoire indispensable pour porter fi\u00e8rement tes valeurs m\u00eame quand il faut passer \u00e0 la caisse.<br \/>\nSon format permet d&rsquo;y glisser de la monnaie bien s\u00fbr, et \u00e9ventuellement une CB.<\/p>\n","protected":false},"featured_media":15922,"comment_status":"open","ping_status":"closed","template":"","meta":{"_links_to":"","_links_to_target":""},"_links":{"self":[{"href":"https:\/\/liseandco-creations.com\/index.php\/wp-json\/wp\/v2\/product\/13325"}],"collection":[{"href":"https:\/\/liseandco-creations.com\/index.php\/wp-json\/wp\/v2\/product"}],"about":[{"href":"https:\/\/liseandco-creations.com\/index.php\/wp-json\/wp\/v2\/types\/product"}],"replies":[{"embeddable":true,"href":"https:\/\/liseandco-creations.com\/index.php\/wp-json\/wp\/v2\/comments?post=13325"}],"version-history":[{"count":3,"href":"https:\/\/liseandco-creations.com\/index.php\/wp-json\/wp\/v2\/product\/13325\/revisions"}],"predecessor-version":[{"id":15933,"href":"https:\/\/liseandco-creations.com\/index.php\/wp-json\/wp\/v2\/product\/13325\/revisions\/15933"}],"wp:featuredmedia":[{"embeddable":true,"href":"https:\/\/liseandco-creations.com\/index.php\/wp-json\/wp\/v2\/media\/15922"}],"wp:attachment":[{"href":"https:\/\/liseandco-creations.com\/index.php\/wp-json\/wp\/v2\/media?parent=13325"}],"curies":[{"name":"wp","href":"https:\/\/api.w.org\/{rel}","templated":true}]}}