{"id":13557,"date":"2022-10-24T17:40:43","date_gmt":"2022-10-24T15:40:43","guid":{"rendered":"http:\/\/liseandco-creations.com\/?post_type=product&#038;p=13557"},"modified":"2023-02-01T10:33:41","modified_gmt":"2023-02-01T09:33:41","slug":"grand-porte-monnaie-28","status":"publish","type":"product","link":"https:\/\/liseandco-creations.com\/index.php\/produit\/grand-porte-monnaie-28\/","title":{"rendered":"Grand porte monnaie"},"content":{"rendered":"<p><strong>* Id\u00e9al pour les papiers : carte d&rsquo;identit\u00e9, carte bleue etc. ! *<\/strong><\/p>\n<p><strong>Mati\u00e8re <\/strong><\/p>\n<p>-Ext\u00e9rieur : velours<\/p>\n<p>-Int\u00e9rieur : simili-cuir<\/p>\n<p><strong>Dimensions <\/strong><\/p>\n<p>-15 x 11 cms<\/p>\n","protected":false},"excerpt":{"rendered":"<p>* Id\u00e9al pour les papiers : carte d&rsquo;identit\u00e9, carte bleue etc. ! * Mati\u00e8re -Ext\u00e9rieur : velours -Int\u00e9rieur : simili-cuir Dimensions -15 x 11 cms<\/p>\n","protected":false},"featured_media":13551,"comment_status":"open","ping_status":"closed","template":"","meta":{"_links_to":"","_links_to_target":""},"_links":{"self":[{"href":"https:\/\/liseandco-creations.com\/index.php\/wp-json\/wp\/v2\/product\/13557"}],"collection":[{"href":"https:\/\/liseandco-creations.com\/index.php\/wp-json\/wp\/v2\/product"}],"about":[{"href":"https:\/\/liseandco-creations.com\/index.php\/wp-json\/wp\/v2\/types\/product"}],"replies":[{"embeddable":true,"href":"https:\/\/liseandco-creations.com\/index.php\/wp-json\/wp\/v2\/comments?post=13557"}],"version-history":[{"count":1,"href":"https:\/\/liseandco-creations.com\/index.php\/wp-json\/wp\/v2\/product\/13557\/revisions"}],"predecessor-version":[{"id":13560,"href":"https:\/\/liseandco-creations.com\/index.php\/wp-json\/wp\/v2\/product\/13557\/revisions\/13560"}],"wp:featuredmedia":[{"embeddable":true,"href":"https:\/\/liseandco-creations.com\/index.php\/wp-json\/wp\/v2\/media\/13551"}],"wp:attachment":[{"href":"https:\/\/liseandco-creations.com\/index.php\/wp-json\/wp\/v2\/media?parent=13557"}],"curies":[{"name":"wp","href":"https:\/\/api.w.org\/{rel}","templated":true}]}}