{"id":13692,"date":"2022-11-06T17:54:11","date_gmt":"2022-11-06T16:54:11","guid":{"rendered":"http:\/\/liseandco-creations.com\/?post_type=product&#038;p=13692"},"modified":"2025-11-26T21:16:32","modified_gmt":"2025-11-26T20:16:32","slug":"petit-sac-35","status":"publish","type":"product","link":"https:\/\/liseandco-creations.com\/index.php\/produit\/petit-sac-35\/","title":{"rendered":"Petit sac"},"content":{"rendered":"<p><strong>* Id\u00e9al pour les soir\u00e9es emportez que le n\u00e9cessaire ! *<\/strong><\/p>\n<p><strong>Mati\u00e8re <\/strong><\/p>\n<p>-Ext\u00e9rieur : Velours<\/p>\n<p>-Int\u00e9rieur : simili-cuir<\/p>\n<p>-Fermoir : laiton couleur bronze antique, sans nickel<\/p>\n<p><strong>Dimensions <\/strong><\/p>\n<p>-Sac : 23 x 24 cms<\/p>\n<p>-Chaine : 100cms pour la version \u00e9paule \/ 120cms pour la version bandouli\u00e8re \/ lani\u00e8re en simili-cuir noire ajustable. Au choix!<\/p>\n","protected":false},"excerpt":{"rendered":"<p>* Id\u00e9al pour les soir\u00e9es emportez que le n\u00e9cessaire ! * Mati\u00e8re -Ext\u00e9rieur : Velours -Int\u00e9rieur : simili-cuir -Fermoir : laiton couleur bronze antique, sans nickel Dimensions -Sac : 23 x 24 cms -Chaine : 100cms pour la version \u00e9paule \/ 120cms pour la version bandouli\u00e8re \/ lani\u00e8re en simili-cuir noire ajustable. Au choix!<\/p>\n","protected":false},"featured_media":16174,"comment_status":"open","ping_status":"closed","template":"","meta":{"_links_to":"","_links_to_target":""},"_links":{"self":[{"href":"https:\/\/liseandco-creations.com\/index.php\/wp-json\/wp\/v2\/product\/13692"}],"collection":[{"href":"https:\/\/liseandco-creations.com\/index.php\/wp-json\/wp\/v2\/product"}],"about":[{"href":"https:\/\/liseandco-creations.com\/index.php\/wp-json\/wp\/v2\/types\/product"}],"replies":[{"embeddable":true,"href":"https:\/\/liseandco-creations.com\/index.php\/wp-json\/wp\/v2\/comments?post=13692"}],"version-history":[{"count":3,"href":"https:\/\/liseandco-creations.com\/index.php\/wp-json\/wp\/v2\/product\/13692\/revisions"}],"predecessor-version":[{"id":16176,"href":"https:\/\/liseandco-creations.com\/index.php\/wp-json\/wp\/v2\/product\/13692\/revisions\/16176"}],"wp:featuredmedia":[{"embeddable":true,"href":"https:\/\/liseandco-creations.com\/index.php\/wp-json\/wp\/v2\/media\/16174"}],"wp:attachment":[{"href":"https:\/\/liseandco-creations.com\/index.php\/wp-json\/wp\/v2\/media?parent=13692"}],"curies":[{"name":"wp","href":"https:\/\/api.w.org\/{rel}","templated":true}]}}