{"id":13784,"date":"2022-11-07T11:00:22","date_gmt":"2022-11-07T10:00:22","guid":{"rendered":"http:\/\/liseandco-creations.com\/?post_type=product&#038;p=13784"},"modified":"2025-11-26T20:58:24","modified_gmt":"2025-11-26T19:58:24","slug":"petit-sac-65","status":"publish","type":"product","link":"https:\/\/liseandco-creations.com\/index.php\/produit\/petit-sac-65\/","title":{"rendered":"Petit sac"},"content":{"rendered":"<p><strong>* Id\u00e9al pour les soir\u00e9es emportez que le n\u00e9cessaire ! *<\/strong><\/p>\n<p><strong>Mati\u00e8re <\/strong><\/p>\n<p>-Ext\u00e9rieur : velours<\/p>\n<p>-Int\u00e9rieur : simili-cuir<\/p>\n<p>-Fermoir : laiton couleur bronze antique, sans nickel<\/p>\n<p><strong>Dimensions <\/strong><\/p>\n<p>-Sac : 23 x 24 cms<\/p>\n<p>-Chaine : 100cms pour la version \u00e9paule \/ 120cms pour la version bandouli\u00e8re \/ lani\u00e8re en simili-cuir noire ajustable. Au choix! A pr\u00e9ciser en commentaire au moment de la commande =)<\/p>\n","protected":false},"excerpt":{"rendered":"<p>* Id\u00e9al pour les soir\u00e9es emportez que le n\u00e9cessaire ! * Mati\u00e8re -Ext\u00e9rieur : velours -Int\u00e9rieur : simili-cuir -Fermoir : laiton couleur bronze antique, sans nickel Dimensions -Sac : 23 x 24 cms -Chaine : 100cms pour la version \u00e9paule \/ 120cms pour la version bandouli\u00e8re \/ lani\u00e8re en simili-cuir noire ajustable. Au choix! A &hellip;<\/p>\n<p class=\"read-more\"> <a class=\"\" href=\"https:\/\/liseandco-creations.com\/index.php\/produit\/petit-sac-65\/\"> <span class=\"screen-reader-text\">Petit sac<\/span> Lire la suite\u00a0\u00bb<\/a><\/p>\n","protected":false},"featured_media":16164,"comment_status":"open","ping_status":"closed","template":"","meta":{"_links_to":"","_links_to_target":""},"_links":{"self":[{"href":"https:\/\/liseandco-creations.com\/index.php\/wp-json\/wp\/v2\/product\/13784"}],"collection":[{"href":"https:\/\/liseandco-creations.com\/index.php\/wp-json\/wp\/v2\/product"}],"about":[{"href":"https:\/\/liseandco-creations.com\/index.php\/wp-json\/wp\/v2\/types\/product"}],"replies":[{"embeddable":true,"href":"https:\/\/liseandco-creations.com\/index.php\/wp-json\/wp\/v2\/comments?post=13784"}],"version-history":[{"count":3,"href":"https:\/\/liseandco-creations.com\/index.php\/wp-json\/wp\/v2\/product\/13784\/revisions"}],"predecessor-version":[{"id":16165,"href":"https:\/\/liseandco-creations.com\/index.php\/wp-json\/wp\/v2\/product\/13784\/revisions\/16165"}],"wp:featuredmedia":[{"embeddable":true,"href":"https:\/\/liseandco-creations.com\/index.php\/wp-json\/wp\/v2\/media\/16164"}],"wp:attachment":[{"href":"https:\/\/liseandco-creations.com\/index.php\/wp-json\/wp\/v2\/media?parent=13784"}],"curies":[{"name":"wp","href":"https:\/\/api.w.org\/{rel}","templated":true}]}}