{"id":13964,"date":"2023-02-06T10:43:10","date_gmt":"2023-02-06T09:43:10","guid":{"rendered":"http:\/\/liseandco-creations.com\/?post_type=product&#038;p=13964"},"modified":"2026-02-01T16:57:59","modified_gmt":"2026-02-01T15:57:59","slug":"grand-porte-monnaie-42","status":"publish","type":"product","link":"https:\/\/liseandco-creations.com\/index.php\/produit\/grand-porte-monnaie-42\/","title":{"rendered":"Grand porte monnaie"},"content":{"rendered":"<p><strong>* Id\u00e9al pour les papiers : carte d&rsquo;identit\u00e9, carte bleue etc. ! *<\/strong><\/p>\n<p><strong>Mati\u00e8re <\/strong><\/p>\n<p>-Ext\u00e9rieur : tissu coton<\/p>\n<p>-Int\u00e9rieur : simili-cuir<\/p>\n<p><strong>Dimensions <\/strong><\/p>\n<p>-15 x 11 cms<\/p>\n","protected":false},"excerpt":{"rendered":"<p>* Id\u00e9al pour les papiers : carte d&rsquo;identit\u00e9, carte bleue etc. ! * Mati\u00e8re -Ext\u00e9rieur : tissu coton -Int\u00e9rieur : simili-cuir Dimensions -15 x 11 cms<\/p>\n","protected":false},"featured_media":16152,"comment_status":"open","ping_status":"closed","template":"","meta":{"_links_to":"","_links_to_target":""},"_links":{"self":[{"href":"https:\/\/liseandco-creations.com\/index.php\/wp-json\/wp\/v2\/product\/13964"}],"collection":[{"href":"https:\/\/liseandco-creations.com\/index.php\/wp-json\/wp\/v2\/product"}],"about":[{"href":"https:\/\/liseandco-creations.com\/index.php\/wp-json\/wp\/v2\/types\/product"}],"replies":[{"embeddable":true,"href":"https:\/\/liseandco-creations.com\/index.php\/wp-json\/wp\/v2\/comments?post=13964"}],"version-history":[{"count":2,"href":"https:\/\/liseandco-creations.com\/index.php\/wp-json\/wp\/v2\/product\/13964\/revisions"}],"predecessor-version":[{"id":14864,"href":"https:\/\/liseandco-creations.com\/index.php\/wp-json\/wp\/v2\/product\/13964\/revisions\/14864"}],"wp:featuredmedia":[{"embeddable":true,"href":"https:\/\/liseandco-creations.com\/index.php\/wp-json\/wp\/v2\/media\/16152"}],"wp:attachment":[{"href":"https:\/\/liseandco-creations.com\/index.php\/wp-json\/wp\/v2\/media?parent=13964"}],"curies":[{"name":"wp","href":"https:\/\/api.w.org\/{rel}","templated":true}]}}