{"id":14076,"date":"2023-08-01T15:48:47","date_gmt":"2023-08-01T13:48:47","guid":{"rendered":"http:\/\/liseandco-creations.com\/?post_type=product&#038;p=14076"},"modified":"2025-11-10T15:46:31","modified_gmt":"2025-11-10T14:46:31","slug":"petit-porte-monnaie-21","status":"publish","type":"product","link":"https:\/\/liseandco-creations.com\/index.php\/produit\/petit-porte-monnaie-21\/","title":{"rendered":"Petit porte monnaie"},"content":{"rendered":"<p style=\"text-align: left;\"><span style=\"color: #000000;\"><strong>* Id\u00e9al pour la petite monnaie ! *<\/strong><\/span><\/p>\n<p style=\"text-align: left;\"><span style=\"color: #000000;\"><strong>Mati\u00e8re <\/strong><\/span><\/p>\n<p style=\"text-align: left;\"><span style=\"color: #000000;\">-Ext\u00e9rieur : tissu coton<\/span><\/p>\n<p style=\"text-align: left;\"><span style=\"color: #000000;\">-Int\u00e9rieur : simili-cuir<\/span><\/p>\n<p style=\"text-align: left;\"><span style=\"color: #000000;\"><strong>Dimensions <\/strong><\/span><\/p>\n<p><span style=\"color: #000000;\">-11 x 10 cms<\/span><\/p>\n","protected":false},"excerpt":{"rendered":"<p>* Id\u00e9al pour la petite monnaie ! * Mati\u00e8re -Ext\u00e9rieur : tissu coton -Int\u00e9rieur : simili-cuir Dimensions -11 x 10 cms<\/p>\n","protected":false},"featured_media":15930,"comment_status":"open","ping_status":"closed","template":"","meta":{"_links_to":"","_links_to_target":""},"_links":{"self":[{"href":"https:\/\/liseandco-creations.com\/index.php\/wp-json\/wp\/v2\/product\/14076"}],"collection":[{"href":"https:\/\/liseandco-creations.com\/index.php\/wp-json\/wp\/v2\/product"}],"about":[{"href":"https:\/\/liseandco-creations.com\/index.php\/wp-json\/wp\/v2\/types\/product"}],"replies":[{"embeddable":true,"href":"https:\/\/liseandco-creations.com\/index.php\/wp-json\/wp\/v2\/comments?post=14076"}],"version-history":[{"count":1,"href":"https:\/\/liseandco-creations.com\/index.php\/wp-json\/wp\/v2\/product\/14076\/revisions"}],"predecessor-version":[{"id":14079,"href":"https:\/\/liseandco-creations.com\/index.php\/wp-json\/wp\/v2\/product\/14076\/revisions\/14079"}],"wp:featuredmedia":[{"embeddable":true,"href":"https:\/\/liseandco-creations.com\/index.php\/wp-json\/wp\/v2\/media\/15930"}],"wp:attachment":[{"href":"https:\/\/liseandco-creations.com\/index.php\/wp-json\/wp\/v2\/media?parent=14076"}],"curies":[{"name":"wp","href":"https:\/\/api.w.org\/{rel}","templated":true}]}}