{"id":14933,"date":"2024-07-30T10:39:50","date_gmt":"2024-07-30T08:39:50","guid":{"rendered":"http:\/\/liseandco-creations.com\/?post_type=product&#038;p=14933"},"modified":"2025-11-19T09:07:59","modified_gmt":"2025-11-19T08:07:59","slug":"petit-porte-monnaie-78","status":"publish","type":"product","link":"https:\/\/liseandco-creations.com\/index.php\/produit\/petit-porte-monnaie-78\/","title":{"rendered":"Petit porte monnaie"},"content":{"rendered":"<p style=\"text-align: left;\"><span style=\"color: #000000;\"><strong>* Cousu Main *<\/strong><\/span><\/p>\n<p style=\"text-align: left;\"><span style=\"color: #000000;\"><strong>Mati\u00e8re <\/strong><\/span><\/p>\n<p style=\"text-align: left;\"><span style=\"color: #000000;\">-Ext\u00e9rieur : tissu coton<\/span><\/p>\n<p style=\"text-align: left;\"><span style=\"color: #000000;\">-Int\u00e9rieur : simili-cuir<\/span><\/p>\n<p style=\"text-align: left;\"><span style=\"color: #000000;\"><strong>Dimensions <\/strong><\/span><\/p>\n<p><span style=\"color: #000000;\">-11 x 10 cms<\/span><\/p>\n","protected":false},"excerpt":{"rendered":"<p>\ud83c\udf38 Tissu import\u00e9 du Japon \ud83c\udf38<\/p>\n<p>D&rsquo;inspiration Japonaise, ce petit porte monnaie clic-clac au style r\u00e9tro, est l&rsquo;accessoire id\u00e9al pour emporter avec \u00e9l\u00e9gance vos pi\u00e8ces de monnaie.<\/p>\n<p>Son format pratique permet de le glisser dans un petit sac \u00e0 main, voir dans une poche de manteau.<\/p>\n","protected":false},"featured_media":15917,"comment_status":"open","ping_status":"closed","template":"","meta":{"_links_to":"","_links_to_target":""},"_links":{"self":[{"href":"https:\/\/liseandco-creations.com\/index.php\/wp-json\/wp\/v2\/product\/14933"}],"collection":[{"href":"https:\/\/liseandco-creations.com\/index.php\/wp-json\/wp\/v2\/product"}],"about":[{"href":"https:\/\/liseandco-creations.com\/index.php\/wp-json\/wp\/v2\/types\/product"}],"replies":[{"embeddable":true,"href":"https:\/\/liseandco-creations.com\/index.php\/wp-json\/wp\/v2\/comments?post=14933"}],"version-history":[{"count":4,"href":"https:\/\/liseandco-creations.com\/index.php\/wp-json\/wp\/v2\/product\/14933\/revisions"}],"predecessor-version":[{"id":16097,"href":"https:\/\/liseandco-creations.com\/index.php\/wp-json\/wp\/v2\/product\/14933\/revisions\/16097"}],"wp:featuredmedia":[{"embeddable":true,"href":"https:\/\/liseandco-creations.com\/index.php\/wp-json\/wp\/v2\/media\/15917"}],"wp:attachment":[{"href":"https:\/\/liseandco-creations.com\/index.php\/wp-json\/wp\/v2\/media?parent=14933"}],"curies":[{"name":"wp","href":"https:\/\/api.w.org\/{rel}","templated":true}]}}