{"id":14965,"date":"2024-08-30T11:43:42","date_gmt":"2024-08-30T09:43:42","guid":{"rendered":"http:\/\/liseandco-creations.com\/?post_type=product&#038;p=14965"},"modified":"2025-11-21T16:11:08","modified_gmt":"2025-11-21T15:11:08","slug":"petit-sac-19","status":"publish","type":"product","link":"https:\/\/liseandco-creations.com\/index.php\/produit\/petit-sac-19\/","title":{"rendered":"Petit sac"},"content":{"rendered":"<p><strong>* Id\u00e9al pour les soir\u00e9es emportez que le n\u00e9cessaire ! *<\/strong><\/p>\n<p><strong>Mati\u00e8re <\/strong><\/p>\n<p>-Ext\u00e9rieur : coton<\/p>\n<p>-Int\u00e9rieur : simili-cuir<\/p>\n<p>-Fermoir : laiton couleur noir m\u00e9talis\u00e9, sans nickel<\/p>\n<p><strong>Dimensions <\/strong><\/p>\n<p>-Sac : 23 x 28 cms<\/p>\n<p>-Chaine : 100cms pour la version \u00e9paule \/ 120cms pour la version bandouli\u00e8re. Au choix!<\/p>\n","protected":false},"excerpt":{"rendered":"<p>* Id\u00e9al pour les soir\u00e9es emportez que le n\u00e9cessaire ! * Mati\u00e8re -Ext\u00e9rieur : coton -Int\u00e9rieur : simili-cuir -Fermoir : laiton couleur noir m\u00e9talis\u00e9, sans nickel Dimensions -Sac : 23 x 28 cms -Chaine : 100cms pour la version \u00e9paule \/ 120cms pour la version bandouli\u00e8re. Au choix!<\/p>\n","protected":false},"featured_media":16105,"comment_status":"open","ping_status":"closed","template":"","meta":{"_links_to":"","_links_to_target":""},"_links":{"self":[{"href":"https:\/\/liseandco-creations.com\/index.php\/wp-json\/wp\/v2\/product\/14965"}],"collection":[{"href":"https:\/\/liseandco-creations.com\/index.php\/wp-json\/wp\/v2\/product"}],"about":[{"href":"https:\/\/liseandco-creations.com\/index.php\/wp-json\/wp\/v2\/types\/product"}],"replies":[{"embeddable":true,"href":"https:\/\/liseandco-creations.com\/index.php\/wp-json\/wp\/v2\/comments?post=14965"}],"version-history":[{"count":1,"href":"https:\/\/liseandco-creations.com\/index.php\/wp-json\/wp\/v2\/product\/14965\/revisions"}],"predecessor-version":[{"id":14974,"href":"https:\/\/liseandco-creations.com\/index.php\/wp-json\/wp\/v2\/product\/14965\/revisions\/14974"}],"wp:featuredmedia":[{"embeddable":true,"href":"https:\/\/liseandco-creations.com\/index.php\/wp-json\/wp\/v2\/media\/16105"}],"wp:attachment":[{"href":"https:\/\/liseandco-creations.com\/index.php\/wp-json\/wp\/v2\/media?parent=14965"}],"curies":[{"name":"wp","href":"https:\/\/api.w.org\/{rel}","templated":true}]}}