{"id":15138,"date":"2024-11-15T21:08:52","date_gmt":"2024-11-15T20:08:52","guid":{"rendered":"http:\/\/liseandco-creations.com\/?post_type=product&#038;p=15138"},"modified":"2024-11-15T21:09:22","modified_gmt":"2024-11-15T20:09:22","slug":"bracelet-perles-elastique-4","status":"publish","type":"product","link":"https:\/\/liseandco-creations.com\/index.php\/produit\/bracelet-perles-elastique-4\/","title":{"rendered":"Bracelet perles \u00e9lastique"},"content":{"rendered":"<p>S&rsquo;ajustera parfaitement \u00e0 votre poignet gr\u00e2ce \u00e0 son \u00e9lastique !<\/p>\n<p>&#8211; Perles plastiques<\/p>\n<p>&#8211; B\u00e9li\u00e8re et breloque : acier inoxydable et m\u00e9tal \u00e9maill\u00e9<\/p>\n","protected":false},"excerpt":{"rendered":"<p>S&rsquo;ajustera parfaitement \u00e0 votre poignet gr\u00e2ce \u00e0 son \u00e9lastique ! &#8211; Perles plastiques &#8211; B\u00e9li\u00e8re et breloque : acier inoxydable et m\u00e9tal \u00e9maill\u00e9<\/p>\n","protected":false},"featured_media":15124,"comment_status":"open","ping_status":"closed","template":"","meta":{"_links_to":"","_links_to_target":""},"_links":{"self":[{"href":"https:\/\/liseandco-creations.com\/index.php\/wp-json\/wp\/v2\/product\/15138"}],"collection":[{"href":"https:\/\/liseandco-creations.com\/index.php\/wp-json\/wp\/v2\/product"}],"about":[{"href":"https:\/\/liseandco-creations.com\/index.php\/wp-json\/wp\/v2\/types\/product"}],"replies":[{"embeddable":true,"href":"https:\/\/liseandco-creations.com\/index.php\/wp-json\/wp\/v2\/comments?post=15138"}],"version-history":[{"count":1,"href":"https:\/\/liseandco-creations.com\/index.php\/wp-json\/wp\/v2\/product\/15138\/revisions"}],"predecessor-version":[{"id":15139,"href":"https:\/\/liseandco-creations.com\/index.php\/wp-json\/wp\/v2\/product\/15138\/revisions\/15139"}],"wp:featuredmedia":[{"embeddable":true,"href":"https:\/\/liseandco-creations.com\/index.php\/wp-json\/wp\/v2\/media\/15124"}],"wp:attachment":[{"href":"https:\/\/liseandco-creations.com\/index.php\/wp-json\/wp\/v2\/media?parent=15138"}],"curies":[{"name":"wp","href":"https:\/\/api.w.org\/{rel}","templated":true}]}}