{"id":15464,"date":"2025-09-16T09:27:25","date_gmt":"2025-09-16T07:27:25","guid":{"rendered":"http:\/\/liseandco-creations.com\/?post_type=product&#038;p=15464"},"modified":"2025-11-10T14:51:23","modified_gmt":"2025-11-10T13:51:23","slug":"boucles-doreille-5","status":"publish","type":"product","link":"https:\/\/liseandco-creations.com\/index.php\/produit\/boucles-doreille-5\/","title":{"rendered":"Boucles d&rsquo;oreille"},"content":{"rendered":"<p><strong>Mati\u00e8re <\/strong><\/p>\n<p>&#8211; Attaches \/ Anneaux \/ Supports en Acier inoxydable<\/p>\n<p>-Breloques fantaisie en m\u00e9tal (alliage) \u00e9maill\u00e9<\/p>\n<p>&nbsp;<\/p>\n","protected":false},"excerpt":{"rendered":"<p>Ces boucles d&rsquo;oreilles en acier inoxydable en forme de coeur sont l&rsquo;accessoire parfait pour montrer votre amour de la culture dark.<\/p>\n<p>\u00c9maill\u00e9es en noir et emplie de toile d&rsquo;araign\u00e9e, elles r\u00e9v\u00e8leront votre cot\u00e9 sombre en toute sobri\u00e9t\u00e9.<\/p>\n","protected":false},"featured_media":15894,"comment_status":"open","ping_status":"closed","template":"","meta":{"_links_to":"","_links_to_target":""},"_links":{"self":[{"href":"https:\/\/liseandco-creations.com\/index.php\/wp-json\/wp\/v2\/product\/15464"}],"collection":[{"href":"https:\/\/liseandco-creations.com\/index.php\/wp-json\/wp\/v2\/product"}],"about":[{"href":"https:\/\/liseandco-creations.com\/index.php\/wp-json\/wp\/v2\/types\/product"}],"replies":[{"embeddable":true,"href":"https:\/\/liseandco-creations.com\/index.php\/wp-json\/wp\/v2\/comments?post=15464"}],"version-history":[{"count":1,"href":"https:\/\/liseandco-creations.com\/index.php\/wp-json\/wp\/v2\/product\/15464\/revisions"}],"predecessor-version":[{"id":15466,"href":"https:\/\/liseandco-creations.com\/index.php\/wp-json\/wp\/v2\/product\/15464\/revisions\/15466"}],"wp:featuredmedia":[{"embeddable":true,"href":"https:\/\/liseandco-creations.com\/index.php\/wp-json\/wp\/v2\/media\/15894"}],"wp:attachment":[{"href":"https:\/\/liseandco-creations.com\/index.php\/wp-json\/wp\/v2\/media?parent=15464"}],"curies":[{"name":"wp","href":"https:\/\/api.w.org\/{rel}","templated":true}]}}