{"id":15585,"date":"2025-09-23T16:22:02","date_gmt":"2025-09-23T14:22:02","guid":{"rendered":"http:\/\/liseandco-creations.com\/?post_type=product&#038;p=15585"},"modified":"2026-01-03T21:19:49","modified_gmt":"2026-01-03T20:19:49","slug":"lingettes-demaquillantes-x4-6","status":"publish","type":"product","link":"https:\/\/liseandco-creations.com\/index.php\/produit\/lingettes-demaquillantes-x4-6\/","title":{"rendered":"Lingettes d\u00e9maquillantes x4"},"content":{"rendered":"<p>Mati\u00e8re :<\/p>\n<p>&#8211; une face coton imprim\u00e9e<\/p>\n<p>&#8211; une face en \u00e9ponge bambou pour un d\u00e9maquillage en douceur!<\/p>\n<p>Dimensions :<\/p>\n<p>&#8211; lingette : 9 x 9cms<\/p>\n<p>&#8211; pochette : 12 x 12cms<\/p>\n<p>Vous pouvez l&rsquo;utiliser avec:<\/p>\n<p>&#8211; Avec de l&rsquo;eau micellaire ou une huile d\u00e9maquillante<\/p>\n<p>-Avec de l&rsquo;eau<\/p>\n<p>Conseils de lavage:<\/p>\n<p>-En machine \u00e0 30\u00b0<\/p>\n<p>-S\u00e8che linge d\u00e9conseill\u00e9<\/p>\n","protected":false},"excerpt":{"rendered":"<p>Ces lingettes d\u00e9maquillantes r\u00e9utilisables sont id\u00e9ales pour un usage quotidien. Propos\u00e9es par quatre avec leur trousse zipp\u00e9e pour les emmener partout, elles sont une alternative z\u00e9ro d\u00e9chet \u00e0 vos cotons classiques ! Sa douceur convient \u00e0 toutes les peaux m\u00eame les plus sensibles.<\/p>\n<p>\u2665 Fait Main \u2665<\/p>\n","protected":false},"featured_media":15586,"comment_status":"open","ping_status":"closed","template":"","meta":{"_links_to":"","_links_to_target":""},"_links":{"self":[{"href":"https:\/\/liseandco-creations.com\/index.php\/wp-json\/wp\/v2\/product\/15585"}],"collection":[{"href":"https:\/\/liseandco-creations.com\/index.php\/wp-json\/wp\/v2\/product"}],"about":[{"href":"https:\/\/liseandco-creations.com\/index.php\/wp-json\/wp\/v2\/types\/product"}],"replies":[{"embeddable":true,"href":"https:\/\/liseandco-creations.com\/index.php\/wp-json\/wp\/v2\/comments?post=15585"}],"version-history":[{"count":1,"href":"https:\/\/liseandco-creations.com\/index.php\/wp-json\/wp\/v2\/product\/15585\/revisions"}],"predecessor-version":[{"id":15610,"href":"https:\/\/liseandco-creations.com\/index.php\/wp-json\/wp\/v2\/product\/15585\/revisions\/15610"}],"wp:featuredmedia":[{"embeddable":true,"href":"https:\/\/liseandco-creations.com\/index.php\/wp-json\/wp\/v2\/media\/15586"}],"wp:attachment":[{"href":"https:\/\/liseandco-creations.com\/index.php\/wp-json\/wp\/v2\/media?parent=15585"}],"curies":[{"name":"wp","href":"https:\/\/api.w.org\/{rel}","templated":true}]}}