{"id":15678,"date":"2025-09-24T17:49:39","date_gmt":"2025-09-24T15:49:39","guid":{"rendered":"http:\/\/liseandco-creations.com\/?post_type=product&#038;p=15678"},"modified":"2025-11-19T08:43:24","modified_gmt":"2025-11-19T07:43:24","slug":"petit-porte-monnaie-vintage-41","status":"publish","type":"product","link":"https:\/\/liseandco-creations.com\/index.php\/produit\/petit-porte-monnaie-vintage-41\/","title":{"rendered":"Petit porte monnaie vintage"},"content":{"rendered":"<p style=\"text-align: left;\">\u2665 Cousu Main \u2665<\/p>\n<p style=\"text-align: left;\"><span style=\"color: #000000;\"><strong>Mati\u00e8re <\/strong><\/span><\/p>\n<p style=\"text-align: left;\"><span style=\"color: #000000;\">-Ext\u00e9rieur : tissu coton<\/span><\/p>\n<p style=\"text-align: left;\"><span style=\"color: #000000;\">-Int\u00e9rieur : simili-cuir<\/span><\/p>\n<p style=\"text-align: left;\"><span style=\"color: #000000;\"><strong>Dimensions <\/strong><\/span><\/p>\n<p><span style=\"color: #000000;\">-11 x 10 cms<\/span><\/p>\n<p><span style=\"color: #000000;\"><strong>* Id\u00e9al pour la petite monnaie ! *<\/strong><\/span><\/p>\n","protected":false},"excerpt":{"rendered":"<p>\ud83c\udf38 Tissu Licence officielle import\u00e9 des \u00c9tats-Unis \ud83c\udf38<\/p>\n<p>Ce joli petit porte monnaie d&rsquo;inspiration r\u00e9tro\/vintage avec son fermoir m\u00e9tallique vous accompagnera partout!<\/p>\n<p>Id\u00e9al pour transporter la monnaie et les billets. Le tissu est cousu \u00e0 la machine tandis que le fermoir est cousu \u00e0 la main.<\/p>\n<p>Chaque pi\u00e8ce est d\u00e9coup\u00e9e et assembl\u00e9e par mes soins, en petites s\u00e9ries.<\/p>\n","protected":false},"featured_media":15873,"comment_status":"open","ping_status":"closed","template":"","meta":{"_links_to":"","_links_to_target":""},"_links":{"self":[{"href":"https:\/\/liseandco-creations.com\/index.php\/wp-json\/wp\/v2\/product\/15678"}],"collection":[{"href":"https:\/\/liseandco-creations.com\/index.php\/wp-json\/wp\/v2\/product"}],"about":[{"href":"https:\/\/liseandco-creations.com\/index.php\/wp-json\/wp\/v2\/types\/product"}],"replies":[{"embeddable":true,"href":"https:\/\/liseandco-creations.com\/index.php\/wp-json\/wp\/v2\/comments?post=15678"}],"version-history":[{"count":3,"href":"https:\/\/liseandco-creations.com\/index.php\/wp-json\/wp\/v2\/product\/15678\/revisions"}],"predecessor-version":[{"id":16090,"href":"https:\/\/liseandco-creations.com\/index.php\/wp-json\/wp\/v2\/product\/15678\/revisions\/16090"}],"wp:featuredmedia":[{"embeddable":true,"href":"https:\/\/liseandco-creations.com\/index.php\/wp-json\/wp\/v2\/media\/15873"}],"wp:attachment":[{"href":"https:\/\/liseandco-creations.com\/index.php\/wp-json\/wp\/v2\/media?parent=15678"}],"curies":[{"name":"wp","href":"https:\/\/api.w.org\/{rel}","templated":true}]}}