{"id":15711,"date":"2025-09-26T21:58:25","date_gmt":"2025-09-26T19:58:25","guid":{"rendered":"http:\/\/liseandco-creations.com\/?post_type=product&#038;p=15711"},"modified":"2025-10-08T08:24:44","modified_gmt":"2025-10-08T06:24:44","slug":"etui-a-lunettes-copie","status":"publish","type":"product","link":"https:\/\/liseandco-creations.com\/index.php\/produit\/etui-a-lunettes-copie\/","title":{"rendered":"Etui \u00e0 lunettes"},"content":{"rendered":"<p><strong>* Id\u00e9al pour ranger vos lunettes de vue ou de soleil ! *<\/strong><\/p>\n<p><strong>Mati\u00e8re <\/strong><\/p>\n<p>-Ext\u00e9rieur : tissu coton<\/p>\n<p>-Int\u00e9rieur : simili-cuir<\/p>\n<p><strong>Dimensions <\/strong><\/p>\n<p>-9 x 18 cms<\/p>\n<p>\u2665 Cousu main \u2665<\/p>\n","protected":false},"excerpt":{"rendered":"<p>Cet \u00e9l\u00e9gant \u00e9tui en tissu vous permet de ranger et prot\u00e9ger vos lunettes de soleil ou m\u00eame vos lunettes de vue, tout en affichant votre style et personnalit\u00e9 !<\/p>\n<p>L\u00e9ger et peu encombrant il pourra \u00eatre gliss\u00e9 dans une poche de v\u00eatement ou un petit sac \u00e0 main. On peut aussi y accrocher une lani\u00e8re gr\u00e2ce \u00e0 une astucieuse petite anse sur le cot\u00e9 du fermoir.<\/p>\n<p>Cet \u00e9tui peut \u00e9galement servir de trousse \u00e0 crayons ou feutres .<\/p>\n<p>&nbsp;<\/p>\n","protected":false},"featured_media":15853,"comment_status":"open","ping_status":"closed","template":"","meta":{"_links_to":"","_links_to_target":""},"_links":{"self":[{"href":"https:\/\/liseandco-creations.com\/index.php\/wp-json\/wp\/v2\/product\/15711"}],"collection":[{"href":"https:\/\/liseandco-creations.com\/index.php\/wp-json\/wp\/v2\/product"}],"about":[{"href":"https:\/\/liseandco-creations.com\/index.php\/wp-json\/wp\/v2\/types\/product"}],"replies":[{"embeddable":true,"href":"https:\/\/liseandco-creations.com\/index.php\/wp-json\/wp\/v2\/comments?post=15711"}],"version-history":[{"count":2,"href":"https:\/\/liseandco-creations.com\/index.php\/wp-json\/wp\/v2\/product\/15711\/revisions"}],"predecessor-version":[{"id":15713,"href":"https:\/\/liseandco-creations.com\/index.php\/wp-json\/wp\/v2\/product\/15711\/revisions\/15713"}],"wp:featuredmedia":[{"embeddable":true,"href":"https:\/\/liseandco-creations.com\/index.php\/wp-json\/wp\/v2\/media\/15853"}],"wp:attachment":[{"href":"https:\/\/liseandco-creations.com\/index.php\/wp-json\/wp\/v2\/media?parent=15711"}],"curies":[{"name":"wp","href":"https:\/\/api.w.org\/{rel}","templated":true}]}}