{"id":15726,"date":"2025-09-30T10:29:50","date_gmt":"2025-09-30T08:29:50","guid":{"rendered":"http:\/\/liseandco-creations.com\/?post_type=product&#038;p=15726"},"modified":"2025-11-17T18:21:31","modified_gmt":"2025-11-17T17:21:31","slug":"grand-porte-monnaie-43","status":"publish","type":"product","link":"https:\/\/liseandco-creations.com\/index.php\/produit\/grand-porte-monnaie-43\/","title":{"rendered":"Grand porte monnaie"},"content":{"rendered":"<p><strong>* Id\u00e9al pour les papiers : carte d&rsquo;identit\u00e9, carte bleue etc. ! *<\/strong><\/p>\n<p><strong>Mati\u00e8re <\/strong><\/p>\n<p>-Ext\u00e9rieur : tissu coton<\/p>\n<p>-Int\u00e9rieur : simili-cuir<\/p>\n<p><strong>Dimensions <\/strong><\/p>\n<p>-15 x 11 cms<\/p>\n<p>\u2665 Cousu Main \u2665<\/p>\n","protected":false},"excerpt":{"rendered":"<p>&nbsp;<\/p>\n<p>\ud83c\udf38 Tissu Licence officielle import\u00e9 des \u00c9tats-Unis \ud83c\udf38Ce grand porte-monnaie \u00e0 l&rsquo;esprit vintage est l&rsquo;accessoire id\u00e9al pour ranger votre monnaie bien s\u00fbr, mais aussi vos papiers d&rsquo;identit\u00e9, permis de conduire ou m\u00eame carte bancaire.<br \/>\nIl est d\u00e9clin\u00e9 dans de multiples univers, qui vous permettront d&rsquo;afficher fi\u00e8rement votre style, que vous soyez adeptes de rock&rsquo;n&rsquo;roll vintage, de visuels r\u00e9tro, de traditionnel japonais,\u00a0 d&rsquo;ambiances dark, ou tout simplement de r\u00e9f\u00e9rences geek.<\/p>\n<p>&nbsp;<\/p>\n","protected":false},"featured_media":15727,"comment_status":"open","ping_status":"closed","template":"","meta":{"_links_to":"","_links_to_target":""},"_links":{"self":[{"href":"https:\/\/liseandco-creations.com\/index.php\/wp-json\/wp\/v2\/product\/15726"}],"collection":[{"href":"https:\/\/liseandco-creations.com\/index.php\/wp-json\/wp\/v2\/product"}],"about":[{"href":"https:\/\/liseandco-creations.com\/index.php\/wp-json\/wp\/v2\/types\/product"}],"replies":[{"embeddable":true,"href":"https:\/\/liseandco-creations.com\/index.php\/wp-json\/wp\/v2\/comments?post=15726"}],"version-history":[{"count":2,"href":"https:\/\/liseandco-creations.com\/index.php\/wp-json\/wp\/v2\/product\/15726\/revisions"}],"predecessor-version":[{"id":16086,"href":"https:\/\/liseandco-creations.com\/index.php\/wp-json\/wp\/v2\/product\/15726\/revisions\/16086"}],"wp:featuredmedia":[{"embeddable":true,"href":"https:\/\/liseandco-creations.com\/index.php\/wp-json\/wp\/v2\/media\/15727"}],"wp:attachment":[{"href":"https:\/\/liseandco-creations.com\/index.php\/wp-json\/wp\/v2\/media?parent=15726"}],"curies":[{"name":"wp","href":"https:\/\/api.w.org\/{rel}","templated":true}]}}