{"id":15783,"date":"2025-09-30T11:45:49","date_gmt":"2025-09-30T09:45:49","guid":{"rendered":"http:\/\/liseandco-creations.com\/?post_type=product&#038;p=15783"},"modified":"2026-01-07T11:18:37","modified_gmt":"2026-01-07T10:18:37","slug":"grand-porte-monnaie-60","status":"publish","type":"product","link":"https:\/\/liseandco-creations.com\/index.php\/produit\/grand-porte-monnaie-60\/","title":{"rendered":"Grand porte monnaie"},"content":{"rendered":"<p><strong>* Id\u00e9al pour les papiers : carte d&rsquo;identit\u00e9, carte bleue etc. ! *<\/strong><\/p>\n<p><strong>Mati\u00e8re <\/strong><\/p>\n<p>-Ext\u00e9rieur : tissu coton<\/p>\n<p>-Int\u00e9rieur : simili-cuir<\/p>\n<p><strong>Dimensions <\/strong><\/p>\n<p>-15 x 11 cms<\/p>\n<p>\u2665 Cousu Main \u2665<\/p>\n","protected":false},"excerpt":{"rendered":"<p>\ud83c\udf38 Tissu import\u00e9 du Japon \ud83c\udf38<\/p>\n<p>Ce grand porte-monnaie \u00e0 l&rsquo;esprit vintage est l&rsquo;accessoire id\u00e9al pour ranger votre monnaie bien s\u00fbr, mais aussi vos papiers d&rsquo;identit\u00e9, permis de conduire ou m\u00eame carte bancaire.<br \/>\nIl est d\u00e9clin\u00e9 dans de multiples univers, qui vous permettront d&rsquo;afficher fi\u00e8rement votre style, que vous soyez adeptes de rock&rsquo;n&rsquo;roll vintage, de visuels r\u00e9tro, de traditionnel japonais,\u00a0 d&rsquo;ambiances dark, ou tout simplement de r\u00e9f\u00e9rences geek.<\/p>\n<p>&nbsp;<\/p>\n","protected":false},"featured_media":15745,"comment_status":"open","ping_status":"closed","template":"","meta":{"_links_to":"","_links_to_target":""},"_links":{"self":[{"href":"https:\/\/liseandco-creations.com\/index.php\/wp-json\/wp\/v2\/product\/15783"}],"collection":[{"href":"https:\/\/liseandco-creations.com\/index.php\/wp-json\/wp\/v2\/product"}],"about":[{"href":"https:\/\/liseandco-creations.com\/index.php\/wp-json\/wp\/v2\/types\/product"}],"replies":[{"embeddable":true,"href":"https:\/\/liseandco-creations.com\/index.php\/wp-json\/wp\/v2\/comments?post=15783"}],"version-history":[{"count":2,"href":"https:\/\/liseandco-creations.com\/index.php\/wp-json\/wp\/v2\/product\/15783\/revisions"}],"predecessor-version":[{"id":16081,"href":"https:\/\/liseandco-creations.com\/index.php\/wp-json\/wp\/v2\/product\/15783\/revisions\/16081"}],"wp:featuredmedia":[{"embeddable":true,"href":"https:\/\/liseandco-creations.com\/index.php\/wp-json\/wp\/v2\/media\/15745"}],"wp:attachment":[{"href":"https:\/\/liseandco-creations.com\/index.php\/wp-json\/wp\/v2\/media?parent=15783"}],"curies":[{"name":"wp","href":"https:\/\/api.w.org\/{rel}","templated":true}]}}