{"id":15785,"date":"2025-10-07T08:52:55","date_gmt":"2025-10-07T06:52:55","guid":{"rendered":"http:\/\/liseandco-creations.com\/?post_type=product&#038;p=15785"},"modified":"2025-10-07T09:16:20","modified_gmt":"2025-10-07T07:16:20","slug":"boucles-doreille-9","status":"publish","type":"product","link":"https:\/\/liseandco-creations.com\/index.php\/produit\/boucles-doreille-9\/","title":{"rendered":"Boucles d&rsquo;oreille"},"content":{"rendered":"<p><strong>Mati\u00e8re <\/strong><\/p>\n<p>&#8211; Attaches \/ Anneaux \/ Supports en Acier inoxydable<\/p>\n<p>-Breloques fantaisie en m\u00e9tal (alliage) \u00e9maill\u00e9<\/p>\n<p>&nbsp;<\/p>\n","protected":false},"excerpt":{"rendered":"<p>Ces boucles d&rsquo;oreilles en acier inoxydable dor\u00e9 et en forme d&rsquo;\u00e9ventail sur lequel sont appos\u00e9es des cerises sont l&rsquo;accessoire id\u00e9al pour affirmer avec \u00e9l\u00e9gance votre cot\u00e9 pin-up et votre amour du vintage.<\/p>\n","protected":false},"featured_media":15803,"comment_status":"open","ping_status":"closed","template":"","meta":{"_links_to":"","_links_to_target":""},"_links":{"self":[{"href":"https:\/\/liseandco-creations.com\/index.php\/wp-json\/wp\/v2\/product\/15785"}],"collection":[{"href":"https:\/\/liseandco-creations.com\/index.php\/wp-json\/wp\/v2\/product"}],"about":[{"href":"https:\/\/liseandco-creations.com\/index.php\/wp-json\/wp\/v2\/types\/product"}],"replies":[{"embeddable":true,"href":"https:\/\/liseandco-creations.com\/index.php\/wp-json\/wp\/v2\/comments?post=15785"}],"version-history":[{"count":1,"href":"https:\/\/liseandco-creations.com\/index.php\/wp-json\/wp\/v2\/product\/15785\/revisions"}],"predecessor-version":[{"id":15804,"href":"https:\/\/liseandco-creations.com\/index.php\/wp-json\/wp\/v2\/product\/15785\/revisions\/15804"}],"wp:featuredmedia":[{"embeddable":true,"href":"https:\/\/liseandco-creations.com\/index.php\/wp-json\/wp\/v2\/media\/15803"}],"wp:attachment":[{"href":"https:\/\/liseandco-creations.com\/index.php\/wp-json\/wp\/v2\/media?parent=15785"}],"curies":[{"name":"wp","href":"https:\/\/api.w.org\/{rel}","templated":true}]}}