{"id":15820,"date":"2025-10-07T09:46:36","date_gmt":"2025-10-07T07:46:36","guid":{"rendered":"http:\/\/liseandco-creations.com\/?post_type=product&#038;p=15820"},"modified":"2025-11-09T21:35:22","modified_gmt":"2025-11-09T20:35:22","slug":"boucles-doreille-16","status":"publish","type":"product","link":"https:\/\/liseandco-creations.com\/index.php\/produit\/boucles-doreille-16\/","title":{"rendered":"Boucles d&rsquo;oreille"},"content":{"rendered":"<p><strong>Mati\u00e8re <\/strong><\/p>\n<p>&#8211; Attaches \/ Anneaux \/ Supports en Acier inoxydable<\/p>\n<p>-Breloques fantaisie en m\u00e9tal (alliage) \u00e9maill\u00e9<\/p>\n<p>&nbsp;<\/p>\n","protected":false},"excerpt":{"rendered":"<p>Ces boucles d&rsquo;oreilles en acier inoxydable repr\u00e9sentant un corbeau sont l&rsquo;accessoire parfait pour afficher un petit cot\u00e9 sombre tout en discr\u00e9tion.<\/p>\n","protected":false},"featured_media":15792,"comment_status":"open","ping_status":"closed","template":"","meta":{"_links_to":"","_links_to_target":""},"_links":{"self":[{"href":"https:\/\/liseandco-creations.com\/index.php\/wp-json\/wp\/v2\/product\/15820"}],"collection":[{"href":"https:\/\/liseandco-creations.com\/index.php\/wp-json\/wp\/v2\/product"}],"about":[{"href":"https:\/\/liseandco-creations.com\/index.php\/wp-json\/wp\/v2\/types\/product"}],"replies":[{"embeddable":true,"href":"https:\/\/liseandco-creations.com\/index.php\/wp-json\/wp\/v2\/comments?post=15820"}],"version-history":[{"count":1,"href":"https:\/\/liseandco-creations.com\/index.php\/wp-json\/wp\/v2\/product\/15820\/revisions"}],"predecessor-version":[{"id":15821,"href":"https:\/\/liseandco-creations.com\/index.php\/wp-json\/wp\/v2\/product\/15820\/revisions\/15821"}],"wp:featuredmedia":[{"embeddable":true,"href":"https:\/\/liseandco-creations.com\/index.php\/wp-json\/wp\/v2\/media\/15792"}],"wp:attachment":[{"href":"https:\/\/liseandco-creations.com\/index.php\/wp-json\/wp\/v2\/media?parent=15820"}],"curies":[{"name":"wp","href":"https:\/\/api.w.org\/{rel}","templated":true}]}}