{"id":15824,"date":"2025-10-07T09:54:09","date_gmt":"2025-10-07T07:54:09","guid":{"rendered":"http:\/\/liseandco-creations.com\/?post_type=product&#038;p=15824"},"modified":"2026-01-13T18:07:25","modified_gmt":"2026-01-13T17:07:25","slug":"boucles-doreille-18","status":"publish","type":"product","link":"https:\/\/liseandco-creations.com\/index.php\/produit\/boucles-doreille-18\/","title":{"rendered":"Boucles d&rsquo;oreille"},"content":{"rendered":"<p><strong>Mati\u00e8re <\/strong><\/p>\n<p>&#8211; Attaches \/ Anneaux \/ Supports en Acier inoxydable<\/p>\n<p>-Breloques fantaisie en m\u00e9tal (alliage) \u00e9maill\u00e9<\/p>\n<p>&nbsp;<\/p>\n","protected":false},"excerpt":{"rendered":"<p>Ces boucles d&rsquo;oreilles en acier inoxydable en forme d&rsquo;\u00e9ventail sont l&rsquo;accessoire parfait pour afficher votre amour de la culture japonaise.<\/p>\n<p>\u00c9maill\u00e9es en bleu clair, elles sont orn\u00e9es de fleurs de cerisiers.<\/p>\n","protected":false},"featured_media":15795,"comment_status":"open","ping_status":"closed","template":"","meta":{"_links_to":"","_links_to_target":""},"_links":{"self":[{"href":"https:\/\/liseandco-creations.com\/index.php\/wp-json\/wp\/v2\/product\/15824"}],"collection":[{"href":"https:\/\/liseandco-creations.com\/index.php\/wp-json\/wp\/v2\/product"}],"about":[{"href":"https:\/\/liseandco-creations.com\/index.php\/wp-json\/wp\/v2\/types\/product"}],"replies":[{"embeddable":true,"href":"https:\/\/liseandco-creations.com\/index.php\/wp-json\/wp\/v2\/comments?post=15824"}],"version-history":[{"count":1,"href":"https:\/\/liseandco-creations.com\/index.php\/wp-json\/wp\/v2\/product\/15824\/revisions"}],"predecessor-version":[{"id":15825,"href":"https:\/\/liseandco-creations.com\/index.php\/wp-json\/wp\/v2\/product\/15824\/revisions\/15825"}],"wp:featuredmedia":[{"embeddable":true,"href":"https:\/\/liseandco-creations.com\/index.php\/wp-json\/wp\/v2\/media\/15795"}],"wp:attachment":[{"href":"https:\/\/liseandco-creations.com\/index.php\/wp-json\/wp\/v2\/media?parent=15824"}],"curies":[{"name":"wp","href":"https:\/\/api.w.org\/{rel}","templated":true}]}}