{"id":15828,"date":"2025-10-07T09:56:15","date_gmt":"2025-10-07T07:56:15","guid":{"rendered":"http:\/\/liseandco-creations.com\/?post_type=product&#038;p=15828"},"modified":"2025-12-07T20:50:35","modified_gmt":"2025-12-07T19:50:35","slug":"boucles-doreille-20","status":"publish","type":"product","link":"https:\/\/liseandco-creations.com\/index.php\/produit\/boucles-doreille-20\/","title":{"rendered":"Boucles d&rsquo;oreille"},"content":{"rendered":"<p><strong>Mati\u00e8re <\/strong><\/p>\n<p>&#8211; Attaches \/ Anneaux \/ Supports en Acier inoxydable<\/p>\n<p>-Breloques fantaisie en m\u00e9tal (alliage) \u00e9maill\u00e9<\/p>\n<p>&nbsp;<\/p>\n","protected":false},"excerpt":{"rendered":"<p>Ces boucles d&rsquo;oreilles en acier inoxydable repr\u00e9sentant une fleur de sakura sont l&rsquo;accessoire parfait pour afficher votre amour de la culture japonaise.<\/p>\n<p>\u00c9maill\u00e9es en noir, et ins\u00e9r\u00e9es dans un ensemble graphique dor\u00e9, elles apporteront une touche d&rsquo;\u00e9l\u00e9gance \u00e0 vos tenues du quotidien comme aux plus chics.<\/p>\n","protected":false},"featured_media":15791,"comment_status":"open","ping_status":"closed","template":"","meta":{"_links_to":"","_links_to_target":""},"_links":{"self":[{"href":"https:\/\/liseandco-creations.com\/index.php\/wp-json\/wp\/v2\/product\/15828"}],"collection":[{"href":"https:\/\/liseandco-creations.com\/index.php\/wp-json\/wp\/v2\/product"}],"about":[{"href":"https:\/\/liseandco-creations.com\/index.php\/wp-json\/wp\/v2\/types\/product"}],"replies":[{"embeddable":true,"href":"https:\/\/liseandco-creations.com\/index.php\/wp-json\/wp\/v2\/comments?post=15828"}],"version-history":[{"count":1,"href":"https:\/\/liseandco-creations.com\/index.php\/wp-json\/wp\/v2\/product\/15828\/revisions"}],"predecessor-version":[{"id":15829,"href":"https:\/\/liseandco-creations.com\/index.php\/wp-json\/wp\/v2\/product\/15828\/revisions\/15829"}],"wp:featuredmedia":[{"embeddable":true,"href":"https:\/\/liseandco-creations.com\/index.php\/wp-json\/wp\/v2\/media\/15791"}],"wp:attachment":[{"href":"https:\/\/liseandco-creations.com\/index.php\/wp-json\/wp\/v2\/media?parent=15828"}],"curies":[{"name":"wp","href":"https:\/\/api.w.org\/{rel}","templated":true}]}}