{"id":15836,"date":"2025-10-07T10:05:49","date_gmt":"2025-10-07T08:05:49","guid":{"rendered":"http:\/\/liseandco-creations.com\/?post_type=product&#038;p=15836"},"modified":"2025-10-07T10:06:17","modified_gmt":"2025-10-07T08:06:17","slug":"boucles-doreille-24","status":"publish","type":"product","link":"https:\/\/liseandco-creations.com\/index.php\/produit\/boucles-doreille-24\/","title":{"rendered":"Boucles d&rsquo;oreille"},"content":{"rendered":"<p><strong>Mati\u00e8re <\/strong><\/p>\n<p>&#8211; Attaches \/ Anneaux \/ Supports en Acier inoxydable<\/p>\n<p>-Breloques fantaisie en m\u00e9tal (alliage) \u00e9maill\u00e9<\/p>\n<p>&nbsp;<\/p>\n","protected":false},"excerpt":{"rendered":"<p>Ces boucles d&rsquo;oreilles en acier inoxydable en forme d&rsquo;\u00e9ventail sont l&rsquo;accessoire parfait pour afficher votre amour de la culture japonaise.<\/p>\n<p>\u00c9maill\u00e9es en noir elles sont orn\u00e9es de fleurs de cerisiers.<\/p>\n","protected":false},"featured_media":15787,"comment_status":"open","ping_status":"closed","template":"","meta":{"_links_to":"","_links_to_target":""},"_links":{"self":[{"href":"https:\/\/liseandco-creations.com\/index.php\/wp-json\/wp\/v2\/product\/15836"}],"collection":[{"href":"https:\/\/liseandco-creations.com\/index.php\/wp-json\/wp\/v2\/product"}],"about":[{"href":"https:\/\/liseandco-creations.com\/index.php\/wp-json\/wp\/v2\/types\/product"}],"replies":[{"embeddable":true,"href":"https:\/\/liseandco-creations.com\/index.php\/wp-json\/wp\/v2\/comments?post=15836"}],"version-history":[{"count":1,"href":"https:\/\/liseandco-creations.com\/index.php\/wp-json\/wp\/v2\/product\/15836\/revisions"}],"predecessor-version":[{"id":15837,"href":"https:\/\/liseandco-creations.com\/index.php\/wp-json\/wp\/v2\/product\/15836\/revisions\/15837"}],"wp:featuredmedia":[{"embeddable":true,"href":"https:\/\/liseandco-creations.com\/index.php\/wp-json\/wp\/v2\/media\/15787"}],"wp:attachment":[{"href":"https:\/\/liseandco-creations.com\/index.php\/wp-json\/wp\/v2\/media?parent=15836"}],"curies":[{"name":"wp","href":"https:\/\/api.w.org\/{rel}","templated":true}]}}