{"id":16119,"date":"2025-11-21T16:38:40","date_gmt":"2025-11-21T15:38:40","guid":{"rendered":"http:\/\/liseandco-creations.com\/?post_type=product&#038;p=16119"},"modified":"2025-11-21T16:39:28","modified_gmt":"2025-11-21T15:39:28","slug":"trousse-a-maquillage-ou-autre-5","status":"publish","type":"product","link":"https:\/\/liseandco-creations.com\/index.php\/produit\/trousse-a-maquillage-ou-autre-5\/","title":{"rendered":"Trousse \u00e0 maquillage (ou autre!)"},"content":{"rendered":"<p><strong>* Id\u00e9al pour transporter votre maquillage ! *<\/strong><\/p>\n<p><strong>Mati\u00e8re <\/strong><\/p>\n<p>-Ext\u00e9rieur : tissu velours<\/p>\n<p>-Int\u00e9rieur : simili-cuir<\/p>\n<p><strong>Dimensions <\/strong><\/p>\n<p>-15 x 14cms<\/p>\n<p>\u2665 Cousu Main \u2665<\/p>\n","protected":false},"excerpt":{"rendered":"<p>D&rsquo;inspiration vintage de par son fermoir clic-clac, cette \u00e9l\u00e9gante petite pochette est l&rsquo;accessoire parfait pour y ranger son n\u00e9cessaire \u00e0 maquillage, ou autre selon vos envies.<br \/>\nSon format pratique permet de la glisser dans un sac \u00e0 main, et ainsi de retrouver en un regard vos essentiels de beaut\u00e9.<br \/>\nElle peut m\u00eame \u00eatre transform\u00e9e en mini sac de soir\u00e9e, en y ajoutant une petite chaine, gr\u00e2ce \u00e0 des deux anses sur le fermoir.<\/p>\n<p>&nbsp;<\/p>\n","protected":false},"featured_media":16111,"comment_status":"open","ping_status":"closed","template":"","meta":{"_links_to":"","_links_to_target":""},"_links":{"self":[{"href":"https:\/\/liseandco-creations.com\/index.php\/wp-json\/wp\/v2\/product\/16119"}],"collection":[{"href":"https:\/\/liseandco-creations.com\/index.php\/wp-json\/wp\/v2\/product"}],"about":[{"href":"https:\/\/liseandco-creations.com\/index.php\/wp-json\/wp\/v2\/types\/product"}],"replies":[{"embeddable":true,"href":"https:\/\/liseandco-creations.com\/index.php\/wp-json\/wp\/v2\/comments?post=16119"}],"version-history":[{"count":1,"href":"https:\/\/liseandco-creations.com\/index.php\/wp-json\/wp\/v2\/product\/16119\/revisions"}],"predecessor-version":[{"id":16120,"href":"https:\/\/liseandco-creations.com\/index.php\/wp-json\/wp\/v2\/product\/16119\/revisions\/16120"}],"wp:featuredmedia":[{"embeddable":true,"href":"https:\/\/liseandco-creations.com\/index.php\/wp-json\/wp\/v2\/media\/16111"}],"wp:attachment":[{"href":"https:\/\/liseandco-creations.com\/index.php\/wp-json\/wp\/v2\/media?parent=16119"}],"curies":[{"name":"wp","href":"https:\/\/api.w.org\/{rel}","templated":true}]}}