{"id":16198,"date":"2025-11-28T16:36:59","date_gmt":"2025-11-28T15:36:59","guid":{"rendered":"http:\/\/liseandco-creations.com\/?post_type=product&#038;p=16198"},"modified":"2025-11-28T16:37:29","modified_gmt":"2025-11-28T15:37:29","slug":"boucles-doreilles-papier-washi-3","status":"publish","type":"product","link":"https:\/\/liseandco-creations.com\/index.php\/produit\/boucles-doreilles-papier-washi-3\/","title":{"rendered":"Boucles d&rsquo;oreilles papier Washi"},"content":{"rendered":"<p><strong>Mati\u00e8re <\/strong><\/p>\n<p>&#8211; Attaches &#038;  Anneaux  en Acier inoxydable<\/p>\n<p>&#8211; M\u00e9daillon en acier inoxydable dor\u00e9, motif en papier Washi recouvert de r\u00e9sine<\/p>\n<p>&#8211; Pampilles color\u00e9es en m\u00e9tal \u00e9maill\u00e9<\/p>\n<p>chaque papier est d\u00e9coup\u00e9, vernis et r\u00e9sin\u00e9 par mes soins <\/p>\n","protected":false},"excerpt":{"rendered":"<p>Le Washi est le mot japonais pour d\u00e9signer les papiers japonais traditionnels fabriqu\u00e9s \u00e0 partir de longues fibres provenant principalement du Kozo (m\u00fbrier).<br \/>\nFabriqu\u00e9 au Japon dans des manufactures traditionnelles des provinces de Kyoto et Tokyo.<\/p>\n<p>Ces boucles d&rsquo;oreilles faites mains apporteront une touche \u00e9l\u00e9gante et raffin\u00e9e \u00e0 vos tenues.<\/p>\n","protected":false},"featured_media":16183,"comment_status":"open","ping_status":"closed","template":"","meta":{"_links_to":"","_links_to_target":""},"_links":{"self":[{"href":"https:\/\/liseandco-creations.com\/index.php\/wp-json\/wp\/v2\/product\/16198"}],"collection":[{"href":"https:\/\/liseandco-creations.com\/index.php\/wp-json\/wp\/v2\/product"}],"about":[{"href":"https:\/\/liseandco-creations.com\/index.php\/wp-json\/wp\/v2\/types\/product"}],"replies":[{"embeddable":true,"href":"https:\/\/liseandco-creations.com\/index.php\/wp-json\/wp\/v2\/comments?post=16198"}],"version-history":[{"count":1,"href":"https:\/\/liseandco-creations.com\/index.php\/wp-json\/wp\/v2\/product\/16198\/revisions"}],"predecessor-version":[{"id":16199,"href":"https:\/\/liseandco-creations.com\/index.php\/wp-json\/wp\/v2\/product\/16198\/revisions\/16199"}],"wp:featuredmedia":[{"embeddable":true,"href":"https:\/\/liseandco-creations.com\/index.php\/wp-json\/wp\/v2\/media\/16183"}],"wp:attachment":[{"href":"https:\/\/liseandco-creations.com\/index.php\/wp-json\/wp\/v2\/media?parent=16198"}],"curies":[{"name":"wp","href":"https:\/\/api.w.org\/{rel}","templated":true}]}}