{"id":16223,"date":"2025-11-28T16:53:27","date_gmt":"2025-11-28T15:53:27","guid":{"rendered":"http:\/\/liseandco-creations.com\/?post_type=product&#038;p=16223"},"modified":"2025-12-03T22:08:27","modified_gmt":"2025-12-03T21:08:27","slug":"broche-papier-washi-3","status":"publish","type":"product","link":"https:\/\/liseandco-creations.com\/index.php\/produit\/broche-papier-washi-3\/","title":{"rendered":"Broche papier Washi"},"content":{"rendered":"<p><strong>Mati\u00e8re <\/strong><\/p>\n<p>&#8211; broche en m\u00e9tal, alliage couleur noire<\/p>\n<p>&#8211; M\u00e9daillon motif en papier Washi recouvert de r\u00e9sine<\/p>\n<p>\u2665 chaque papier est d\u00e9coup\u00e9, vernis et r\u00e9sin\u00e9 par mes soins \u2665<\/p>\n","protected":false},"excerpt":{"rendered":"<p>Le Washi est le mot japonais pour d\u00e9signer les papiers japonais traditionnels fabriqu\u00e9s \u00e0 partir de longues fibres provenant principalement du Kozo (m\u00fbrier).<br \/>\nFabriqu\u00e9 au Japon dans des manufactures traditionnelles des provinces de Kyoto et Tokyo.<\/p>\n<p>Cette broche\u00a0 apportera une touche \u00e9l\u00e9gante et raffin\u00e9e \u00e0 vos tenues, que ce soit sur un ch\u00e2le, chemisier ou m\u00eame sur un sac.<\/p>\n","protected":false},"featured_media":16215,"comment_status":"open","ping_status":"closed","template":"","meta":{"_links_to":"","_links_to_target":""},"_links":{"self":[{"href":"https:\/\/liseandco-creations.com\/index.php\/wp-json\/wp\/v2\/product\/16223"}],"collection":[{"href":"https:\/\/liseandco-creations.com\/index.php\/wp-json\/wp\/v2\/product"}],"about":[{"href":"https:\/\/liseandco-creations.com\/index.php\/wp-json\/wp\/v2\/types\/product"}],"replies":[{"embeddable":true,"href":"https:\/\/liseandco-creations.com\/index.php\/wp-json\/wp\/v2\/comments?post=16223"}],"version-history":[{"count":2,"href":"https:\/\/liseandco-creations.com\/index.php\/wp-json\/wp\/v2\/product\/16223\/revisions"}],"predecessor-version":[{"id":16276,"href":"https:\/\/liseandco-creations.com\/index.php\/wp-json\/wp\/v2\/product\/16223\/revisions\/16276"}],"wp:featuredmedia":[{"embeddable":true,"href":"https:\/\/liseandco-creations.com\/index.php\/wp-json\/wp\/v2\/media\/16215"}],"wp:attachment":[{"href":"https:\/\/liseandco-creations.com\/index.php\/wp-json\/wp\/v2\/media?parent=16223"}],"curies":[{"name":"wp","href":"https:\/\/api.w.org\/{rel}","templated":true}]}}