{"id":16377,"date":"2026-01-07T09:00:49","date_gmt":"2026-01-07T08:00:49","guid":{"rendered":"http:\/\/liseandco-creations.com\/?post_type=product&#038;p=16377"},"modified":"2026-01-09T15:24:33","modified_gmt":"2026-01-09T14:24:33","slug":"grand-sac-29","status":"publish","type":"product","link":"https:\/\/liseandco-creations.com\/index.php\/produit\/grand-sac-29\/","title":{"rendered":"Grand sac"},"content":{"rendered":"<p><strong>* Id\u00e9al pour celles qui ont toujours pleins de choses \u00e0 emporter ! *<\/strong><\/p>\n<p><strong>Mati\u00e8re <\/strong><\/p>\n<p>-Ext\u00e9rieur : tissu coton<\/p>\n<p>-Int\u00e9rieur : simili-cuir<\/p>\n<p>-Fermoir : laiton couleur bronze antique, sans nickel<\/p>\n<p><strong>Dimensions <\/strong><\/p>\n<p>-Sac : 34 x 27 cms<\/p>\n<p>-Chaine m\u00e9tal : 100cms pour la version \u00e9paule \/ 120cms pour la version bandouli\u00e8re \/ <strong>ou<\/strong> Lani\u00e8re simili-cuir noire ajustable &#8211; Au choix! Par d\u00e9faut une lani\u00e8re en similicuir vous sera envoy\u00e9e.<\/p>\n<p>\u2764\ufe0f Fait Main \u2764\ufe0f<\/p>\n","protected":false},"excerpt":{"rendered":"<p>* Id\u00e9al pour celles qui ont toujours pleins de choses \u00e0 emporter ! * Mati\u00e8re -Ext\u00e9rieur : tissu coton -Int\u00e9rieur : simili-cuir -Fermoir : laiton couleur bronze antique, sans nickel Dimensions -Sac : 34 x 27 cms -Chaine m\u00e9tal : 100cms pour la version \u00e9paule \/ 120cms pour la version bandouli\u00e8re \/ ou Lani\u00e8re simili-cuir &hellip;<\/p>\n<p class=\"read-more\"> <a class=\"\" href=\"https:\/\/liseandco-creations.com\/index.php\/produit\/grand-sac-29\/\"> <span class=\"screen-reader-text\">Grand sac<\/span> Lire la suite\u00a0\u00bb<\/a><\/p>\n","protected":false},"featured_media":16378,"comment_status":"open","ping_status":"closed","template":"","meta":{"_links_to":"","_links_to_target":""},"_links":{"self":[{"href":"https:\/\/liseandco-creations.com\/index.php\/wp-json\/wp\/v2\/product\/16377"}],"collection":[{"href":"https:\/\/liseandco-creations.com\/index.php\/wp-json\/wp\/v2\/product"}],"about":[{"href":"https:\/\/liseandco-creations.com\/index.php\/wp-json\/wp\/v2\/types\/product"}],"replies":[{"embeddable":true,"href":"https:\/\/liseandco-creations.com\/index.php\/wp-json\/wp\/v2\/comments?post=16377"}],"version-history":[{"count":1,"href":"https:\/\/liseandco-creations.com\/index.php\/wp-json\/wp\/v2\/product\/16377\/revisions"}],"predecessor-version":[{"id":16379,"href":"https:\/\/liseandco-creations.com\/index.php\/wp-json\/wp\/v2\/product\/16377\/revisions\/16379"}],"wp:featuredmedia":[{"embeddable":true,"href":"https:\/\/liseandco-creations.com\/index.php\/wp-json\/wp\/v2\/media\/16378"}],"wp:attachment":[{"href":"https:\/\/liseandco-creations.com\/index.php\/wp-json\/wp\/v2\/media?parent=16377"}],"curies":[{"name":"wp","href":"https:\/\/api.w.org\/{rel}","templated":true}]}}